{"id":37329,"date":"2026-03-11T16:30:07","date_gmt":"2026-03-11T15:30:07","guid":{"rendered":"https:\/\/www.laudinella.ch\/?page_id=37329"},"modified":"2026-04-13T15:53:46","modified_gmt":"2026-04-13T13:53:46","slug":"advantages-of-local","status":"publish","type":"page","link":"https:\/\/www.laudinella.ch\/en\/laudinella-group\/vorteile-einheimische\/","title":{"rendered":"Benefits for locals"},"content":{"rendered":"<div data-elementor-type=\"wp-page\" data-elementor-id=\"37329\" class=\"elementor elementor-37329\" data-elementor-post-type=\"page\">\n\t\t\t\t<main class=\"elementor-element elementor-element-3364d7ac e-con-full e-ecs-flex e-flex e-con e-parent\" data-id=\"3364d7ac\" data-element_type=\"container\" data-e-type=\"container\" data-settings=\"{&quot;ecs_container_type&quot;:&quot;flex&quot;}\">\n\t\t<div class=\"elementor-element elementor-element-3ef5218c e-con-full e-ecs-flex e-flex e-con e-child\" data-id=\"3ef5218c\" data-element_type=\"container\" data-e-type=\"container\" data-settings=\"{&quot;background_background&quot;:&quot;classic&quot;,&quot;ecs_container_type&quot;:&quot;flex&quot;}\">\n\t\t\t\t<\/div>\n\t\t<div class=\"elementor-element elementor-element-6cefd382 e-con-full e-ecs-flex e-flex e-con e-child\" data-id=\"6cefd382\" data-element_type=\"container\" data-e-type=\"container\" data-settings=\"{&quot;ecs_container_type&quot;:&quot;flex&quot;}\">\n\t\t\t\t<div class=\"elementor-element elementor-element-22ba4bad elementor-widget elementor-widget-heading\" data-id=\"22ba4bad\" data-element_type=\"widget\" data-e-type=\"widget\" data-widget_type=\"heading.default\">\n\t\t\t\t<div class=\"elementor-widget-container\">\n\t\t\t\t\t<h1 class=\"elementor-heading-title elementor-size-default\">Laudinella thanks the locals<\/h1>\t\t\t\t<\/div>\n\t\t\t\t<\/div>\n\t\t\t\t<div class=\"elementor-element elementor-element-1ff76b0d elementor-widget__width-initial elementor-widget elementor-widget-text-editor\" data-id=\"1ff76b0d\" data-element_type=\"widget\" data-e-type=\"widget\" data-widget_type=\"text-editor.default\">\n\t\t\t\t<div class=\"elementor-widget-container\">\n\t\t\t\t\t\t\t\t\t<p>The Laudinella Group has been firmly rooted in the life of the Engadine for decades. Our hotels are not only places for guests from all over the world, but also meeting places for people from the region. \n<br><br>\nMany of our employees live here, and our restaurants and events are open to everyone who calls the valley home. Culture and community have been integral to Laudinella&#039;s identity since its founding \u2013 which grew out of a cooperative and the renowned singing camps. \n<br><br>\nThis connection to the region is an important part of our identity. That&#039;s why it&#039;s important to us to give something back to the locals. \n<br><br>\nSt. Moritz is a special place, shaped by its history, its international appeal, and its strong local community. We look forward to continuing to shape this path together. <\/p>\t\t\t\t\t\t\t\t<\/div>\n\t\t\t\t<\/div>\n\t\t\t\t<div class=\"elementor-element elementor-element-4c59157 elementor-widget elementor-widget-heading\" data-id=\"4c59157\" data-element_type=\"widget\" data-e-type=\"widget\" data-widget_type=\"heading.default\">\n\t\t\t\t<div class=\"elementor-widget-container\">\n\t\t\t\t\t<h3 class=\"elementor-heading-title elementor-size-default\">Advantages for locals in the Upper Engadine<\/h3>\t\t\t\t<\/div>\n\t\t\t\t<\/div>\n\t\t\t\t<div class=\"elementor-element elementor-element-1748fd6 elementor-widget__width-initial elementor-widget elementor-widget-text-editor\" data-id=\"1748fd6\" data-element_type=\"widget\" data-e-type=\"widget\" data-widget_type=\"text-editor.default\">\n\t\t\t\t<div class=\"elementor-widget-container\">\n\t\t\t\t\t\t\t\t\t<p>As a sign of this solidarity, all residents of the Upper Engadine will receive:<br \/>\n\t\t\t\t\t\t\t\t<\/div>\n\t\t\t\t<\/div>\n\t\t\t\t<div class=\"elementor-element elementor-element-ca87d97 elementor-widget__width-initial elementor-widget elementor-widget-text-editor\" data-id=\"ca87d97\" data-element_type=\"widget\" data-e-type=\"widget\" data-widget_type=\"text-editor.default\">\n\t\t\t\t<div class=\"elementor-widget-container\">\n\t\t\t\t\t\t\t\t\t<p><strong>10 % Discount on all services of the Laudinella Group*\u00a0<\/strong><\/p>\t\t\t\t\t\t\t\t<\/div>\n\t\t\t\t<\/div>\n\t\t\t\t<div class=\"elementor-element elementor-element-b612bfd elementor-widget__width-initial elementor-widget elementor-widget-text-editor\" data-id=\"b612bfd\" data-element_type=\"widget\" data-e-type=\"widget\" data-widget_type=\"text-editor.default\">\n\t\t\t\t<div class=\"elementor-widget-container\">\n\t\t\t\t\t\t\t\t\t\n*(You will receive your Member Card upon presentation of your local resident ID at the reception of the Hotel Laudinella or Reine Victoria. Offer valid from March 19, 2026 to September 30, 2027. Exclusive delivery offers.)\u00a0<\/p>\t\t\t\t\t\t\t\t<\/div>\n\t\t\t\t<\/div>\n\t\t\t\t<\/div>\n\t\t<div class=\"elementor-element elementor-element-73f5b3a e-con-full e-ecs-flex e-flex e-con e-child\" data-id=\"73f5b3a\" data-element_type=\"container\" data-e-type=\"container\" data-settings=\"{&quot;ecs_container_type&quot;:&quot;flex&quot;}\">\n\t\t\t\t<div class=\"elementor-element elementor-element-967d1c6 elementor-widget-divider--view-line elementor-widget elementor-widget-divider\" data-id=\"967d1c6\" data-element_type=\"widget\" data-e-type=\"widget\" data-widget_type=\"divider.default\">\n\t\t\t\t<div class=\"elementor-widget-container\">\n\t\t\t\t\t\t\t<div class=\"elementor-divider\">\n\t\t\t<span class=\"elementor-divider-separator\">\n\t\t\t\t\t\t<\/span>\n\t\t<\/div>\n\t\t\t\t\t\t<\/div>\n\t\t\t\t<\/div>\n\t\t\t\t<\/div>\n\t\t<div class=\"elementor-element elementor-element-08dbcca e-con-full e-ecs-flex e-flex e-con e-child\" data-id=\"08dbcca\" data-element_type=\"container\" data-e-type=\"container\" data-settings=\"{&quot;ecs_container_type&quot;:&quot;flex&quot;}\">\n\t\t<div class=\"elementor-element elementor-element-c48efea e-con-full e-ecs-flex e-flex e-con e-child\" data-id=\"c48efea\" data-element_type=\"container\" data-e-type=\"container\" data-settings=\"{&quot;ecs_container_type&quot;:&quot;flex&quot;}\">\n\t\t<div class=\"elementor-element elementor-element-d5fc82d e-con-full e-ecs-flex e-flex e-con e-child\" data-id=\"d5fc82d\" data-element_type=\"container\" data-e-type=\"container\" data-settings=\"{&quot;ecs_container_type&quot;:&quot;flex&quot;}\">\n\t\t\t\t<div class=\"elementor-element elementor-element-141fee0 elementor-widget elementor-widget-heading\" data-id=\"141fee0\" data-element_type=\"widget\" data-e-type=\"widget\" data-widget_type=\"heading.default\">\n\t\t\t\t<div class=\"elementor-widget-container\">\n\t\t\t\t\t<h2 class=\"elementor-heading-title elementor-size-default\">Culture and encounters for the valley <\/h2>\t\t\t\t<\/div>\n\t\t\t\t<\/div>\n\t\t\t\t<div class=\"elementor-element elementor-element-849512b elementor-widget elementor-widget-text-editor\" data-id=\"849512b\" data-element_type=\"widget\" data-e-type=\"widget\" data-widget_type=\"text-editor.default\">\n\t\t\t\t<div class=\"elementor-widget-container\">\n\t\t\t\t\t\t\t\t\t<p>In addition, we invite locals to experience the cultural life of our houses:<\/p>\t\t\t\t\t\t\t\t<\/div>\n\t\t\t\t<\/div>\n\t\t\t\t<div class=\"elementor-element elementor-element-bef6a37 elementor-icon-list--layout-traditional elementor-list-item-link-full_width elementor-widget elementor-widget-icon-list\" data-id=\"bef6a37\" data-element_type=\"widget\" data-e-type=\"widget\" data-widget_type=\"icon-list.default\">\n\t\t\t\t<div class=\"elementor-widget-container\">\n\t\t\t\t\t\t\t<ul class=\"elementor-icon-list-items\">\n\t\t\t\t\t\t\t<li class=\"elementor-icon-list-item\">\n\t\t\t\t\t\t\t\t\t\t\t<span class=\"elementor-icon-list-icon\">\n\t\t\t\t\t\t\t<svg xmlns=\"http:\/\/www.w3.org\/2000\/svg\" height=\"32\" width=\"32\" viewbox=\"0 0 32 32\"><title>e delete<\/title><g stroke-linecap=\"square\" stroke-width=\"2\" fill=\"none\" stroke=\"#212121\" stroke-linejoin=\"miter\" class=\"nc-icon-wrapper\" stroke-miterlimit=\"10\"><line x1=\"30\" y1=\"16\" x2=\"2\" y2=\"16\"><\/line><\/g><\/svg>\t\t\t\t\t\t<\/span>\n\t\t\t\t\t\t\t\t\t\t<span class=\"elementor-icon-list-text\">Free admission to the cultural events we organize <\/span>\n\t\t\t\t\t\t\t\t\t<\/li>\n\t\t\t\t\t\t\t\t<li class=\"elementor-icon-list-item\">\n\t\t\t\t\t\t\t\t\t\t\t<span class=\"elementor-icon-list-icon\">\n\t\t\t\t\t\t\t<svg xmlns=\"http:\/\/www.w3.org\/2000\/svg\" height=\"32\" width=\"32\" viewbox=\"0 0 32 32\"><title>e delete<\/title><g stroke-linecap=\"square\" stroke-width=\"2\" fill=\"none\" stroke=\"#212121\" stroke-linejoin=\"miter\" class=\"nc-icon-wrapper\" stroke-miterlimit=\"10\"><line x1=\"30\" y1=\"16\" x2=\"2\" y2=\"16\"><\/line><\/g><\/svg>\t\t\t\t\t\t<\/span>\n\t\t\t\t\t\t\t\t\t\t<span class=\"elementor-icon-list-text\">Free use of our event spaces for clubs and local institutions \u2013 excluding infrastructure costs and outside of peak season and upon request. <\/span>\n\t\t\t\t\t\t\t\t\t<\/li>\n\t\t\t\t\t\t\t\t<li class=\"elementor-icon-list-item\">\n\t\t\t\t\t\t\t\t\t\t\t<span class=\"elementor-icon-list-icon\">\n\t\t\t\t\t\t\t<svg xmlns=\"http:\/\/www.w3.org\/2000\/svg\" height=\"32\" width=\"32\" viewbox=\"0 0 32 32\"><title>e delete<\/title><g stroke-linecap=\"square\" stroke-width=\"2\" fill=\"none\" stroke=\"#212121\" stroke-linejoin=\"miter\" class=\"nc-icon-wrapper\" stroke-miterlimit=\"10\"><line x1=\"30\" y1=\"16\" x2=\"2\" y2=\"16\"><\/line><\/g><\/svg>\t\t\t\t\t\t<\/span>\n\t\t\t\t\t\t\t\t\t\t<span class=\"elementor-icon-list-text\">Special room rates for local bookings outside of peak season <\/span>\n\t\t\t\t\t\t\t\t\t<\/li>\n\t\t\t\t\t\t<\/ul>\n\t\t\t\t\t\t<\/div>\n\t\t\t\t<\/div>\n\t\t\t\t<\/div>\n\t\t<div class=\"elementor-element elementor-element-14382af e-con-full e-ecs-flex e-flex e-con e-child\" data-id=\"14382af\" data-element_type=\"container\" data-e-type=\"container\" data-settings=\"{&quot;background_background&quot;:&quot;classic&quot;,&quot;ecs_container_type&quot;:&quot;flex&quot;}\">\n\t\t\t\t<\/div>\n\t\t\t\t<\/div>\n\t\t\t\t<\/div>\n\t\t\t\t<\/main>\n\t\t\t\t<\/div>","protected":false},"excerpt":{"rendered":"<p>Die Laudinella dankt den Einheimischen<br \/>\nDie Laudinella Group ist seit Jahrzehnten fest im Leben des Engadins verankert. Unsere H\u00e4user sind nicht nur Orte f\u00fcr G\u00e4ste aus aller Welt, sondern auch Treffpunkte f\u00fcr Menschen aus der Region.<br \/>\nViele unserer Mitarbeitenden leben hier, unsere Restaurants und Veranstaltungen sind offen f\u00fcr alle, die das [&#8230;]<\/p>\n","protected":false},"author":22,"featured_media":37327,"parent":35806,"menu_order":0,"comment_status":"closed","ping_status":"closed","template":"","meta":{"footnotes":""},"categories":[],"tags":[],"class_list":["post-37329","page","type-page","status-publish","has-post-thumbnail","hentry"],"yoast_head":"<!-- This site is optimized with the Yoast SEO plugin v27.5 - https:\/\/yoast.com\/product\/yoast-seo-wordpress\/ -->\n<title>Vorteile f\u00fcr Einheimische - Laudinella Group St. Moritz<\/title>\n<meta name=\"description\" content=\"Die Laudinella Group ist tief im Engadin verwurzelt: Hotels, Restaurants und Kultur als Treffpunkt f\u00fcr G\u00e4ste und Einheimische \u2013 verbunden mit der Region St. Moritz.\" \/>\n<meta name=\"robots\" content=\"index, follow, max-snippet:-1, max-image-preview:large, max-video-preview:-1\" \/>\n<link rel=\"canonical\" href=\"https:\/\/www.laudinella.ch\/en\/laudinella-group\/advantages-of-local\/\" \/>\n<meta property=\"og:locale\" content=\"en_GB\" \/>\n<meta property=\"og:type\" content=\"article\" \/>\n<meta property=\"og:title\" content=\"Vorteile f\u00fcr Einheimische - Laudinella Group St. Moritz\" \/>\n<meta property=\"og:description\" content=\"Die Laudinella Group ist tief im Engadin verwurzelt: Hotels, Restaurants und Kultur als Treffpunkt f\u00fcr G\u00e4ste und Einheimische \u2013 verbunden mit der Region St. Moritz.\" \/>\n<meta property=\"og:url\" content=\"https:\/\/www.laudinella.ch\/en\/laudinella-group\/advantages-of-local\/\" \/>\n<meta property=\"og:site_name\" content=\"Laudinella Group St. Moritz\" \/>\n<meta property=\"article:modified_time\" content=\"2026-04-13T13:53:46+00:00\" \/>\n<meta property=\"og:image\" content=\"https:\/\/www.laudinella.ch\/wp-content\/uploads\/2026\/03\/laudinella-aussenansicht.jpg\" \/>\n\t<meta property=\"og:image:width\" content=\"1920\" \/>\n\t<meta property=\"og:image:height\" content=\"1280\" \/>\n\t<meta property=\"og:image:type\" content=\"image\/jpeg\" \/>\n<meta name=\"twitter:card\" content=\"summary_large_image\" \/>\n<meta name=\"twitter:title\" content=\"Vorteile f\u00fcr Einheimische - Laudinella Group St. Moritz\" \/>\n<meta name=\"twitter:description\" content=\"Die Laudinella Group ist tief im Engadin verwurzelt: Hotels, Restaurants und Kultur als Treffpunkt f\u00fcr G\u00e4ste und Einheimische \u2013 verbunden mit der Region St. Moritz.\" \/>\n<meta name=\"twitter:image\" content=\"https:\/\/www.laudinella.ch\/wp-content\/uploads\/2026\/03\/laudinella-aussenansicht.jpg\" \/>\n<script type=\"application\/ld+json\" class=\"yoast-schema-graph\">{\"@context\":\"https:\\\/\\\/schema.org\",\"@graph\":[{\"@type\":\"WebPage\",\"@id\":\"https:\\\/\\\/www.laudinella.ch\\\/laudinella-group\\\/vorteile-einheimische\\\/\",\"url\":\"https:\\\/\\\/www.laudinella.ch\\\/laudinella-group\\\/vorteile-einheimische\\\/\",\"name\":\"Vorteile f\u00fcr Einheimische - Laudinella Group St. Moritz\",\"isPartOf\":{\"@id\":\"https:\\\/\\\/www.laudinella.ch\\\/en\\\/#website\"},\"primaryImageOfPage\":{\"@id\":\"https:\\\/\\\/www.laudinella.ch\\\/laudinella-group\\\/vorteile-einheimische\\\/#primaryimage\"},\"image\":{\"@id\":\"https:\\\/\\\/www.laudinella.ch\\\/laudinella-group\\\/vorteile-einheimische\\\/#primaryimage\"},\"thumbnailUrl\":\"https:\\\/\\\/www.laudinella.ch\\\/wp-content\\\/uploads\\\/2026\\\/03\\\/laudinella-aussenansicht.jpg\",\"datePublished\":\"2026-03-11T15:30:07+00:00\",\"dateModified\":\"2026-04-13T13:53:46+00:00\",\"description\":\"Die Laudinella Group ist tief im Engadin verwurzelt: Hotels, Restaurants und Kultur als Treffpunkt f\u00fcr G\u00e4ste und Einheimische \u2013 verbunden mit der Region St. Moritz.\",\"breadcrumb\":{\"@id\":\"https:\\\/\\\/www.laudinella.ch\\\/laudinella-group\\\/vorteile-einheimische\\\/#breadcrumb\"},\"inLanguage\":\"en-GB\",\"potentialAction\":[{\"@type\":\"ReadAction\",\"target\":[\"https:\\\/\\\/www.laudinella.ch\\\/laudinella-group\\\/vorteile-einheimische\\\/\"]}]},{\"@type\":\"ImageObject\",\"inLanguage\":\"en-GB\",\"@id\":\"https:\\\/\\\/www.laudinella.ch\\\/laudinella-group\\\/vorteile-einheimische\\\/#primaryimage\",\"url\":\"https:\\\/\\\/www.laudinella.ch\\\/wp-content\\\/uploads\\\/2026\\\/03\\\/laudinella-aussenansicht.jpg\",\"contentUrl\":\"https:\\\/\\\/www.laudinella.ch\\\/wp-content\\\/uploads\\\/2026\\\/03\\\/laudinella-aussenansicht.jpg\",\"width\":1920,\"height\":1280,\"caption\":\"Au\u00dfenansicht Hotel Laudinella\"},{\"@type\":\"BreadcrumbList\",\"@id\":\"https:\\\/\\\/www.laudinella.ch\\\/laudinella-group\\\/vorteile-einheimische\\\/#breadcrumb\",\"itemListElement\":[{\"@type\":\"ListItem\",\"position\":1,\"name\":\"Startseite\",\"item\":\"https:\\\/\\\/www.laudinella.ch\\\/\"},{\"@type\":\"ListItem\",\"position\":2,\"name\":\"Laudinella Group\",\"item\":\"https:\\\/\\\/www.laudinella.ch\\\/laudinella-group\\\/\"},{\"@type\":\"ListItem\",\"position\":3,\"name\":\"Vorteile f\u00fcr Einheimische\"}]},{\"@type\":\"WebSite\",\"@id\":\"https:\\\/\\\/www.laudinella.ch\\\/en\\\/#website\",\"url\":\"https:\\\/\\\/www.laudinella.ch\\\/en\\\/\",\"name\":\"Laudinella St. Moritz\",\"description\":\"Sport, Kultur, Kulinarik, Kongresse, Kurse und Natur erleben.\",\"publisher\":{\"@id\":\"https:\\\/\\\/www.laudinella.ch\\\/en\\\/#organization\"},\"potentialAction\":[{\"@type\":\"SearchAction\",\"target\":{\"@type\":\"EntryPoint\",\"urlTemplate\":\"https:\\\/\\\/www.laudinella.ch\\\/en\\\/?s={search_term_string}\"},\"query-input\":{\"@type\":\"PropertyValueSpecification\",\"valueRequired\":true,\"valueName\":\"search_term_string\"}}],\"inLanguage\":\"en-GB\"},{\"@type\":\"Organization\",\"@id\":\"https:\\\/\\\/www.laudinella.ch\\\/en\\\/#organization\",\"name\":\"Laudinella St. Moritz\",\"url\":\"https:\\\/\\\/www.laudinella.ch\\\/en\\\/\",\"logo\":{\"@type\":\"ImageObject\",\"inLanguage\":\"en-GB\",\"@id\":\"https:\\\/\\\/www.laudinella.ch\\\/en\\\/#\\\/schema\\\/logo\\\/image\\\/\",\"url\":\"https:\\\/\\\/www.laudinella.ch\\\/wp-content\\\/uploads\\\/2021\\\/10\\\/laudinella_hotel-group_fav-icon.png\",\"contentUrl\":\"https:\\\/\\\/www.laudinella.ch\\\/wp-content\\\/uploads\\\/2021\\\/10\\\/laudinella_hotel-group_fav-icon.png\",\"width\":512,\"height\":512,\"caption\":\"Laudinella St. Moritz\"},\"image\":{\"@id\":\"https:\\\/\\\/www.laudinella.ch\\\/en\\\/#\\\/schema\\\/logo\\\/image\\\/\"}}]}<\/script>\n<!-- \/ Yoast SEO plugin. -->","yoast_head_json":{"title":"Benefits for locals - Laudinella Group St. Moritz","description":"The Laudinella Group is deeply rooted in the Engadine: hotels, restaurants and culture as a meeting place for guests and locals \u2013 connected with the St. Moritz region.","robots":{"index":"index","follow":"follow","max-snippet":"max-snippet:-1","max-image-preview":"max-image-preview:large","max-video-preview":"max-video-preview:-1"},"canonical":"https:\/\/www.laudinella.ch\/en\/laudinella-group\/advantages-of-local\/","og_locale":"en_GB","og_type":"article","og_title":"Vorteile f\u00fcr Einheimische - Laudinella Group St. Moritz","og_description":"Die Laudinella Group ist tief im Engadin verwurzelt: Hotels, Restaurants und Kultur als Treffpunkt f\u00fcr G\u00e4ste und Einheimische \u2013 verbunden mit der Region St. Moritz.","og_url":"https:\/\/www.laudinella.ch\/en\/laudinella-group\/advantages-of-local\/","og_site_name":"Laudinella Group St. Moritz","article_modified_time":"2026-04-13T13:53:46+00:00","og_image":[{"width":1920,"height":1280,"url":"https:\/\/www.laudinella.ch\/wp-content\/uploads\/2026\/03\/laudinella-aussenansicht.jpg","type":"image\/jpeg"}],"twitter_card":"summary_large_image","twitter_title":"Vorteile f\u00fcr Einheimische - Laudinella Group St. Moritz","twitter_description":"Die Laudinella Group ist tief im Engadin verwurzelt: Hotels, Restaurants und Kultur als Treffpunkt f\u00fcr G\u00e4ste und Einheimische \u2013 verbunden mit der Region St. Moritz.","twitter_image":"https:\/\/www.laudinella.ch\/wp-content\/uploads\/2026\/03\/laudinella-aussenansicht.jpg","schema":{"@context":"https:\/\/schema.org","@graph":[{"@type":"WebPage","@id":"https:\/\/www.laudinella.ch\/laudinella-group\/vorteile-einheimische\/","url":"https:\/\/www.laudinella.ch\/laudinella-group\/vorteile-einheimische\/","name":"Benefits for locals - Laudinella Group St. Moritz","isPartOf":{"@id":"https:\/\/www.laudinella.ch\/en\/#website"},"primaryImageOfPage":{"@id":"https:\/\/www.laudinella.ch\/laudinella-group\/vorteile-einheimische\/#primaryimage"},"image":{"@id":"https:\/\/www.laudinella.ch\/laudinella-group\/vorteile-einheimische\/#primaryimage"},"thumbnailUrl":"https:\/\/www.laudinella.ch\/wp-content\/uploads\/2026\/03\/laudinella-aussenansicht.jpg","datePublished":"2026-03-11T15:30:07+00:00","dateModified":"2026-04-13T13:53:46+00:00","description":"The Laudinella Group is deeply rooted in the Engadine: hotels, restaurants and culture as a meeting place for guests and locals \u2013 connected with the St. Moritz region.","breadcrumb":{"@id":"https:\/\/www.laudinella.ch\/laudinella-group\/vorteile-einheimische\/#breadcrumb"},"inLanguage":"en-GB","potentialAction":[{"@type":"ReadAction","target":["https:\/\/www.laudinella.ch\/laudinella-group\/vorteile-einheimische\/"]}]},{"@type":"ImageObject","inLanguage":"en-GB","@id":"https:\/\/www.laudinella.ch\/laudinella-group\/vorteile-einheimische\/#primaryimage","url":"https:\/\/www.laudinella.ch\/wp-content\/uploads\/2026\/03\/laudinella-aussenansicht.jpg","contentUrl":"https:\/\/www.laudinella.ch\/wp-content\/uploads\/2026\/03\/laudinella-aussenansicht.jpg","width":1920,"height":1280,"caption":"Au\u00dfenansicht Hotel Laudinella"},{"@type":"BreadcrumbList","@id":"https:\/\/www.laudinella.ch\/laudinella-group\/vorteile-einheimische\/#breadcrumb","itemListElement":[{"@type":"ListItem","position":1,"name":"Startseite","item":"https:\/\/www.laudinella.ch\/"},{"@type":"ListItem","position":2,"name":"Laudinella Group","item":"https:\/\/www.laudinella.ch\/laudinella-group\/"},{"@type":"ListItem","position":3,"name":"Vorteile f\u00fcr Einheimische"}]},{"@type":"WebSite","@id":"https:\/\/www.laudinella.ch\/en\/#website","url":"https:\/\/www.laudinella.ch\/en\/","name":"Laudinella St. Moritz","description":"Experience sport, culture, cuisine, congresses, courses and nature.","publisher":{"@id":"https:\/\/www.laudinella.ch\/en\/#organization"},"potentialAction":[{"@type":"SearchAction","target":{"@type":"EntryPoint","urlTemplate":"https:\/\/www.laudinella.ch\/en\/?s={search_term_string}"},"query-input":{"@type":"PropertyValueSpecification","valueRequired":true,"valueName":"search_term_string"}}],"inLanguage":"en-GB"},{"@type":"Organization","@id":"https:\/\/www.laudinella.ch\/en\/#organization","name":"Laudinella St. Moritz","url":"https:\/\/www.laudinella.ch\/en\/","logo":{"@type":"ImageObject","inLanguage":"en-GB","@id":"https:\/\/www.laudinella.ch\/en\/#\/schema\/logo\/image\/","url":"https:\/\/www.laudinella.ch\/wp-content\/uploads\/2021\/10\/laudinella_hotel-group_fav-icon.png","contentUrl":"https:\/\/www.laudinella.ch\/wp-content\/uploads\/2021\/10\/laudinella_hotel-group_fav-icon.png","width":512,"height":512,"caption":"Laudinella St. Moritz"},"image":{"@id":"https:\/\/www.laudinella.ch\/en\/#\/schema\/logo\/image\/"}}]}},"_links":{"self":[{"href":"https:\/\/www.laudinella.ch\/en\/wp-json\/wp\/v2\/pages\/37329","targetHints":{"allow":["GET"]}}],"collection":[{"href":"https:\/\/www.laudinella.ch\/en\/wp-json\/wp\/v2\/pages"}],"about":[{"href":"https:\/\/www.laudinella.ch\/en\/wp-json\/wp\/v2\/types\/page"}],"author":[{"embeddable":true,"href":"https:\/\/www.laudinella.ch\/en\/wp-json\/wp\/v2\/users\/22"}],"replies":[{"embeddable":true,"href":"https:\/\/www.laudinella.ch\/en\/wp-json\/wp\/v2\/comments?post=37329"}],"version-history":[{"count":0,"href":"https:\/\/www.laudinella.ch\/en\/wp-json\/wp\/v2\/pages\/37329\/revisions"}],"up":[{"embeddable":true,"href":"https:\/\/www.laudinella.ch\/en\/wp-json\/wp\/v2\/pages\/35806"}],"wp:featuredmedia":[{"embeddable":true,"href":"https:\/\/www.laudinella.ch\/en\/wp-json\/wp\/v2\/media\/37327"}],"wp:attachment":[{"href":"https:\/\/www.laudinella.ch\/en\/wp-json\/wp\/v2\/media?parent=37329"}],"wp:term":[{"taxonomy":"category","embeddable":true,"href":"https:\/\/www.laudinella.ch\/en\/wp-json\/wp\/v2\/categories?post=37329"},{"taxonomy":"post_tag","embeddable":true,"href":"https:\/\/www.laudinella.ch\/en\/wp-json\/wp\/v2\/tags?post=37329"}],"curies":[{"name":"wp","href":"https:\/\/api.w.org\/{rel}","templated":true}]}}