{"id":2297,"date":"2018-11-05T18:27:11","date_gmt":"2018-11-05T17:27:11","guid":{"rendered":"https:\/\/www.laudinella.ch\/?page_id=2297"},"modified":"2025-12-17T16:23:28","modified_gmt":"2025-12-17T15:23:28","slug":"artists-in-residence","status":"publish","type":"page","link":"https:\/\/www.laudinella.ch\/en\/kultur\/artists-in-residence\/","title":{"rendered":"Artists in Residence\u00a0"},"content":{"rendered":"<div data-elementor-type=\"wp-page\" data-elementor-id=\"2297\" class=\"elementor elementor-2297\" data-elementor-post-type=\"page\">\n\t\t\t\t<main class=\"elementor-element elementor-element-48110d0e e-con-full e-flex e-con e-parent\" data-id=\"48110d0e\" data-element_type=\"container\" data-e-type=\"container\">\n\t\t<div class=\"elementor-element elementor-element-6230f926 e-con-full e-flex e-con e-child\" data-id=\"6230f926\" data-element_type=\"container\" data-e-type=\"container\" data-settings=\"{&quot;background_background&quot;:&quot;classic&quot;}\">\n\t\t\t\t<\/div>\n\t\t<div class=\"elementor-element elementor-element-72d13a4a e-con-full e-flex e-con e-child\" data-id=\"72d13a4a\" data-element_type=\"container\" data-e-type=\"container\">\n\t\t\t\t<div class=\"elementor-element elementor-element-2883c163 elementor-widget elementor-widget-heading\" data-id=\"2883c163\" data-element_type=\"widget\" data-e-type=\"widget\" data-widget_type=\"heading.default\">\n\t\t\t\t<div class=\"elementor-widget-container\">\n\t\t\t\t\t<h1 class=\"elementor-heading-title elementor-size-default\">ARTISTS IN RESIDENCE<\/h1>\t\t\t\t<\/div>\n\t\t\t\t<\/div>\n\t\t\t\t<div class=\"elementor-element elementor-element-f8eeea7 elementor-widget elementor-widget-heading\" data-id=\"f8eeea7\" data-element_type=\"widget\" data-e-type=\"widget\" data-widget_type=\"heading.default\">\n\t\t\t\t<div class=\"elementor-widget-container\">\n\t\t\t\t\t<h2 class=\"elementor-heading-title elementor-size-default\">Laudinella \u2013 Romansh: the songbird <\/h2>\t\t\t\t<\/div>\n\t\t\t\t<\/div>\n\t\t\t\t<div class=\"elementor-element elementor-element-696ff374 elementor-widget elementor-widget-text-editor\" data-id=\"696ff374\" data-element_type=\"widget\" data-e-type=\"widget\" data-widget_type=\"text-editor.default\">\n\t\t\t\t<div class=\"elementor-widget-container\">\n\t\t\t\t\t\t\t\t\t<p>For decades, artists have found space and peace for creative work amidst the idyllic landscape, be it writing, painting, composing or making music.\u00a0\u00a0<br><\/br>\nEmerging from the post-war music camp movement, the Laudinella Group continues to preserve and shape its cultural heritage. Our Artists in Residence program invites creative professionals and combines hospitality with active cultural promotion. \u00a0<\/p>\t\t\t\t\t\t\t\t<\/div>\n\t\t\t\t<\/div>\n\t\t\t\t<\/div>\n\t\t<div class=\"elementor-element elementor-element-67dbf79f e-con-full e-flex e-con e-child\" data-id=\"67dbf79f\" data-element_type=\"container\" data-e-type=\"container\">\n\t\t\t\t<div class=\"elementor-element elementor-element-43444e60 elementor-widget-divider--view-line elementor-widget elementor-widget-divider\" data-id=\"43444e60\" data-element_type=\"widget\" data-e-type=\"widget\" data-widget_type=\"divider.default\">\n\t\t\t\t<div class=\"elementor-widget-container\">\n\t\t\t\t\t\t\t<div class=\"elementor-divider\">\n\t\t\t<span class=\"elementor-divider-separator\">\n\t\t\t\t\t\t<\/span>\n\t\t<\/div>\n\t\t\t\t\t\t<\/div>\n\t\t\t\t<\/div>\n\t\t\t\t<\/div>\n\t\t<div class=\"elementor-element elementor-element-36f2e47d e-con-full e-flex e-con e-child\" data-id=\"36f2e47d\" data-element_type=\"container\" data-e-type=\"container\">\n\t\t<div class=\"elementor-element elementor-element-1dad1a34 e-con-full e-flex e-con e-child\" data-id=\"1dad1a34\" data-element_type=\"container\" data-e-type=\"container\">\n\t\t<div class=\"elementor-element elementor-element-4bdee8ef e-con-full e-flex e-con e-child\" data-id=\"4bdee8ef\" data-element_type=\"container\" data-e-type=\"container\" data-settings=\"{&quot;background_background&quot;:&quot;classic&quot;}\">\n\t\t\t\t<\/div>\n\t\t<div class=\"elementor-element elementor-element-7a5c0e9a e-con-full e-flex e-con e-child\" data-id=\"7a5c0e9a\" data-element_type=\"container\" data-e-type=\"container\">\n\t\t\t\t<div class=\"elementor-element elementor-element-78c71330 elementor-widget elementor-widget-heading\" data-id=\"78c71330\" data-element_type=\"widget\" data-e-type=\"widget\" data-widget_type=\"heading.default\">\n\t\t\t\t<div class=\"elementor-widget-container\">\n\t\t\t\t\t<h3 class=\"elementor-heading-title elementor-size-default\">LAUDINNELLA MEETS LITERATURE HOUSE MUNICH<\/h3>\t\t\t\t<\/div>\n\t\t\t\t<\/div>\n\t\t\t\t<div class=\"elementor-element elementor-element-46ced4fe elementor-widget elementor-widget-text-editor\" data-id=\"46ced4fe\" data-element_type=\"widget\" data-e-type=\"widget\" data-widget_type=\"text-editor.default\">\n\t\t\t\t<div class=\"elementor-widget-container\">\n\t\t\t\t\t\t\t\t\tSince 2016, selected emerging talents have been coming to St. Moritz as part of the Bavarian Academy of Writing. Accompanied by renowned authors and editors, promising texts are written, discussed, refined, and further developed. The program culminates in a public stage presentation.\u00a0\t\t\t\t\t\t\t\t<\/div>\n\t\t\t\t<\/div>\n\t\t\t\t<div class=\"elementor-element elementor-element-4d2774ad elementor-align-left elementor-widget elementor-widget-button\" data-id=\"4d2774ad\" data-element_type=\"widget\" data-e-type=\"widget\" data-widget_type=\"button.default\">\n\t\t\t\t<div class=\"elementor-widget-container\">\n\t\t\t\t\t\t\t\t\t<div class=\"elementor-button-wrapper\">\n\t\t\t\t\t<a class=\"elementor-button elementor-button-link elementor-size-sm\" href=\"https:\/\/www.literaturhaus-muenchen.de\/\" target=\"_blank\" aria-label=\"To the Literature House Munich\">\n\t\t\t\t\t\t<span class=\"elementor-button-content-wrapper\">\n\t\t\t\t\t\t\t\t\t<span class=\"elementor-button-text\">LITERATURE HOUSE MUNICH<\/span>\n\t\t\t\t\t<\/span>\n\t\t\t\t\t<\/a>\n\t\t\t\t<\/div>\n\t\t\t\t\t\t\t\t<\/div>\n\t\t\t\t<\/div>\n\t\t\t\t<div class=\"elementor-element elementor-element-76d3e02f elementor-widget elementor-widget-image\" data-id=\"76d3e02f\" data-element_type=\"widget\" data-e-type=\"widget\" data-widget_type=\"image.default\">\n\t\t\t\t<div class=\"elementor-widget-container\">\n\t\t\t\t\t\t\t\t\t\t\t\t\t\t\t<img fetchpriority=\"high\" decoding=\"async\" width=\"1290\" height=\"968\" src=\"https:\/\/www.laudinella.ch\/wp-content\/uploads\/2019\/01\/literaturhaus_mboesker_2014_1290-px.jpg\" class=\"attachment-full size-full wp-image-5267\" alt=\"\" srcset=\"https:\/\/www.laudinella.ch\/wp-content\/uploads\/2019\/01\/literaturhaus_mboesker_2014_1290-px.jpg 1290w, https:\/\/www.laudinella.ch\/wp-content\/uploads\/2019\/01\/literaturhaus_mboesker_2014_1290-px-300x225.jpg 300w, https:\/\/www.laudinella.ch\/wp-content\/uploads\/2019\/01\/literaturhaus_mboesker_2014_1290-px-768x576.jpg 768w, https:\/\/www.laudinella.ch\/wp-content\/uploads\/2019\/01\/literaturhaus_mboesker_2014_1290-px-1024x768.jpg 1024w\" sizes=\"(max-width: 1290px) 100vw, 1290px\" \/>\t\t\t\t\t\t\t\t\t\t\t\t\t\t\t<\/div>\n\t\t\t\t<\/div>\n\t\t\t\t<\/div>\n\t\t\t\t<\/div>\n\t\t\t\t<\/div>\n\t\t\t\t<\/main>\n\t\t\t\t<\/div>","protected":false},"excerpt":{"rendered":"<p>ARTISTS IN RESIDENCE<br \/>\nLaudinella \u2013 r\u00e4toromanisch: der Singvogel<br \/>\nInmitten der idyllischen Landschaft finden K\u00fcnstler:innen seit Jahrzehnten Raum und Ruhe f\u00fcr sch\u00f6pferische Arbeit, sei es Schreiben, Malen, Komponieren oder Musizieren.\u00a0\u00a0<br \/><\/br><br \/>\nAus der Musiklagerbewegung der Nachkriegszeit hervorgegangen, bewahrt und gestaltet die Laudinella Group ihr kulturelles Erbe weiter. Unser Programm f\u00fcr Artists in [&#8230;]<\/p>\n","protected":false},"author":22,"featured_media":3486,"parent":36357,"menu_order":0,"comment_status":"closed","ping_status":"closed","template":"","meta":{"footnotes":""},"categories":[],"tags":[],"class_list":["post-2297","page","type-page","status-publish","has-post-thumbnail","hentry"],"yoast_head":"<!-- This site is optimized with the Yoast SEO plugin v27.5 - https:\/\/yoast.com\/product\/yoast-seo-wordpress\/ -->\n<title>Artists in Residence\u00a0 - Laudinella Group St. Moritz<\/title>\n<meta name=\"description\" content=\"Kreativer Raum in St.\u202fMoritz: Die Laudinella Group l\u00e4dt Artists in Residence ein und verbindet Kultur, Gastfreundschaft und Inspiration.\" \/>\n<meta name=\"robots\" content=\"index, follow, max-snippet:-1, max-image-preview:large, max-video-preview:-1\" \/>\n<link rel=\"canonical\" href=\"https:\/\/www.laudinella.ch\/en\/culture\/artists-in-residence\/\" \/>\n<meta property=\"og:locale\" content=\"en_GB\" \/>\n<meta property=\"og:type\" content=\"article\" \/>\n<meta property=\"og:title\" content=\"Artists in Residence \u2013 Laudinella Group\" \/>\n<meta property=\"og:description\" content=\"Kreativer Raum in St.\u202fMoritz: Die Laudinella Group l\u00e4dt Artists in Residence ein und verbindet Kultur, Gastfreundschaft und Inspiration.\" \/>\n<meta property=\"og:url\" content=\"https:\/\/www.laudinella.ch\/en\/culture\/artists-in-residence\/\" \/>\n<meta property=\"og:site_name\" content=\"Laudinella Group St. Moritz\" \/>\n<meta property=\"article:modified_time\" content=\"2025-12-17T15:23:28+00:00\" \/>\n<meta property=\"og:image\" content=\"https:\/\/www.laudinella.ch\/wp-content\/uploads\/2018\/11\/hotel-reine-victoria-leistungen-inklusive-header.jpg\" \/>\n\t<meta property=\"og:image:width\" content=\"1920\" \/>\n\t<meta property=\"og:image:height\" content=\"1200\" \/>\n\t<meta property=\"og:image:type\" content=\"image\/jpeg\" \/>\n<meta name=\"twitter:card\" content=\"summary_large_image\" \/>\n<meta name=\"twitter:title\" content=\"Artists in Residence \u2013 Laudinella Group\" \/>\n<meta name=\"twitter:description\" content=\"Kreativer Raum in St.\u202fMoritz: Die Laudinella Group l\u00e4dt Artists in Residence ein und verbindet Kultur, Gastfreundschaft und Inspiration.\" \/>\n<meta name=\"twitter:image\" content=\"https:\/\/www.laudinella.ch\/wp-content\/uploads\/2018\/11\/hotel-reine-victoria-leistungen-inklusive-header.jpg\" \/>\n<script type=\"application\/ld+json\" class=\"yoast-schema-graph\">{\"@context\":\"https:\\\/\\\/schema.org\",\"@graph\":[{\"@type\":\"WebPage\",\"@id\":\"https:\\\/\\\/www.laudinella.ch\\\/kultur\\\/artists-in-residence\\\/\",\"url\":\"https:\\\/\\\/www.laudinella.ch\\\/kultur\\\/artists-in-residence\\\/\",\"name\":\"Artists in Residence\u00a0 - Laudinella Group St. Moritz\",\"isPartOf\":{\"@id\":\"https:\\\/\\\/www.laudinella.ch\\\/en\\\/#website\"},\"primaryImageOfPage\":{\"@id\":\"https:\\\/\\\/www.laudinella.ch\\\/kultur\\\/artists-in-residence\\\/#primaryimage\"},\"image\":{\"@id\":\"https:\\\/\\\/www.laudinella.ch\\\/kultur\\\/artists-in-residence\\\/#primaryimage\"},\"thumbnailUrl\":\"https:\\\/\\\/www.laudinella.ch\\\/wp-content\\\/uploads\\\/2018\\\/11\\\/hotel-reine-victoria-leistungen-inklusive-header.jpg\",\"datePublished\":\"2018-11-05T17:27:11+00:00\",\"dateModified\":\"2025-12-17T15:23:28+00:00\",\"description\":\"Kreativer Raum in St.\u202fMoritz: Die Laudinella Group l\u00e4dt Artists in Residence ein und verbindet Kultur, Gastfreundschaft und Inspiration.\",\"breadcrumb\":{\"@id\":\"https:\\\/\\\/www.laudinella.ch\\\/kultur\\\/artists-in-residence\\\/#breadcrumb\"},\"inLanguage\":\"en-GB\",\"potentialAction\":[{\"@type\":\"ReadAction\",\"target\":[\"https:\\\/\\\/www.laudinella.ch\\\/kultur\\\/artists-in-residence\\\/\"]}]},{\"@type\":\"ImageObject\",\"inLanguage\":\"en-GB\",\"@id\":\"https:\\\/\\\/www.laudinella.ch\\\/kultur\\\/artists-in-residence\\\/#primaryimage\",\"url\":\"https:\\\/\\\/www.laudinella.ch\\\/wp-content\\\/uploads\\\/2018\\\/11\\\/hotel-reine-victoria-leistungen-inklusive-header.jpg\",\"contentUrl\":\"https:\\\/\\\/www.laudinella.ch\\\/wp-content\\\/uploads\\\/2018\\\/11\\\/hotel-reine-victoria-leistungen-inklusive-header.jpg\",\"width\":1920,\"height\":1200},{\"@type\":\"BreadcrumbList\",\"@id\":\"https:\\\/\\\/www.laudinella.ch\\\/kultur\\\/artists-in-residence\\\/#breadcrumb\",\"itemListElement\":[{\"@type\":\"ListItem\",\"position\":1,\"name\":\"Startseite\",\"item\":\"https:\\\/\\\/www.laudinella.ch\\\/\"},{\"@type\":\"ListItem\",\"position\":2,\"name\":\"Kultur\",\"item\":\"https:\\\/\\\/www.laudinella.ch\\\/kultur\\\/\"},{\"@type\":\"ListItem\",\"position\":3,\"name\":\"Artists in Residence\u00a0\"}]},{\"@type\":\"WebSite\",\"@id\":\"https:\\\/\\\/www.laudinella.ch\\\/en\\\/#website\",\"url\":\"https:\\\/\\\/www.laudinella.ch\\\/en\\\/\",\"name\":\"Laudinella St. Moritz\",\"description\":\"Sport, Kultur, Kulinarik, Kongresse, Kurse und Natur erleben.\",\"publisher\":{\"@id\":\"https:\\\/\\\/www.laudinella.ch\\\/en\\\/#organization\"},\"potentialAction\":[{\"@type\":\"SearchAction\",\"target\":{\"@type\":\"EntryPoint\",\"urlTemplate\":\"https:\\\/\\\/www.laudinella.ch\\\/en\\\/?s={search_term_string}\"},\"query-input\":{\"@type\":\"PropertyValueSpecification\",\"valueRequired\":true,\"valueName\":\"search_term_string\"}}],\"inLanguage\":\"en-GB\"},{\"@type\":\"Organization\",\"@id\":\"https:\\\/\\\/www.laudinella.ch\\\/en\\\/#organization\",\"name\":\"Laudinella St. Moritz\",\"url\":\"https:\\\/\\\/www.laudinella.ch\\\/en\\\/\",\"logo\":{\"@type\":\"ImageObject\",\"inLanguage\":\"en-GB\",\"@id\":\"https:\\\/\\\/www.laudinella.ch\\\/en\\\/#\\\/schema\\\/logo\\\/image\\\/\",\"url\":\"https:\\\/\\\/www.laudinella.ch\\\/wp-content\\\/uploads\\\/2021\\\/10\\\/laudinella_hotel-group_fav-icon.png\",\"contentUrl\":\"https:\\\/\\\/www.laudinella.ch\\\/wp-content\\\/uploads\\\/2021\\\/10\\\/laudinella_hotel-group_fav-icon.png\",\"width\":512,\"height\":512,\"caption\":\"Laudinella St. Moritz\"},\"image\":{\"@id\":\"https:\\\/\\\/www.laudinella.ch\\\/en\\\/#\\\/schema\\\/logo\\\/image\\\/\"}}]}<\/script>\n<!-- \/ Yoast SEO plugin. -->","yoast_head_json":{"title":"Artists in Residence - Laudinella Group St. Moritz","description":"Creative space in St. Moritz: The Laudinella Group invites artists in residence and combines culture, hospitality and inspiration.","robots":{"index":"index","follow":"follow","max-snippet":"max-snippet:-1","max-image-preview":"max-image-preview:large","max-video-preview":"max-video-preview:-1"},"canonical":"https:\/\/www.laudinella.ch\/en\/culture\/artists-in-residence\/","og_locale":"en_GB","og_type":"article","og_title":"Artists in Residence \u2013 Laudinella Group","og_description":"Kreativer Raum in St.\u202fMoritz: Die Laudinella Group l\u00e4dt Artists in Residence ein und verbindet Kultur, Gastfreundschaft und Inspiration.","og_url":"https:\/\/www.laudinella.ch\/en\/culture\/artists-in-residence\/","og_site_name":"Laudinella Group St. Moritz","article_modified_time":"2025-12-17T15:23:28+00:00","og_image":[{"width":1920,"height":1200,"url":"https:\/\/www.laudinella.ch\/wp-content\/uploads\/2018\/11\/hotel-reine-victoria-leistungen-inklusive-header.jpg","type":"image\/jpeg"}],"twitter_card":"summary_large_image","twitter_title":"Artists in Residence \u2013 Laudinella Group","twitter_description":"Kreativer Raum in St.\u202fMoritz: Die Laudinella Group l\u00e4dt Artists in Residence ein und verbindet Kultur, Gastfreundschaft und Inspiration.","twitter_image":"https:\/\/www.laudinella.ch\/wp-content\/uploads\/2018\/11\/hotel-reine-victoria-leistungen-inklusive-header.jpg","schema":{"@context":"https:\/\/schema.org","@graph":[{"@type":"WebPage","@id":"https:\/\/www.laudinella.ch\/kultur\/artists-in-residence\/","url":"https:\/\/www.laudinella.ch\/kultur\/artists-in-residence\/","name":"Artists in Residence - Laudinella Group St. Moritz","isPartOf":{"@id":"https:\/\/www.laudinella.ch\/en\/#website"},"primaryImageOfPage":{"@id":"https:\/\/www.laudinella.ch\/kultur\/artists-in-residence\/#primaryimage"},"image":{"@id":"https:\/\/www.laudinella.ch\/kultur\/artists-in-residence\/#primaryimage"},"thumbnailUrl":"https:\/\/www.laudinella.ch\/wp-content\/uploads\/2018\/11\/hotel-reine-victoria-leistungen-inklusive-header.jpg","datePublished":"2018-11-05T17:27:11+00:00","dateModified":"2025-12-17T15:23:28+00:00","description":"Creative space in St. Moritz: The Laudinella Group invites artists in residence and combines culture, hospitality and inspiration.","breadcrumb":{"@id":"https:\/\/www.laudinella.ch\/kultur\/artists-in-residence\/#breadcrumb"},"inLanguage":"en-GB","potentialAction":[{"@type":"ReadAction","target":["https:\/\/www.laudinella.ch\/kultur\/artists-in-residence\/"]}]},{"@type":"ImageObject","inLanguage":"en-GB","@id":"https:\/\/www.laudinella.ch\/kultur\/artists-in-residence\/#primaryimage","url":"https:\/\/www.laudinella.ch\/wp-content\/uploads\/2018\/11\/hotel-reine-victoria-leistungen-inklusive-header.jpg","contentUrl":"https:\/\/www.laudinella.ch\/wp-content\/uploads\/2018\/11\/hotel-reine-victoria-leistungen-inklusive-header.jpg","width":1920,"height":1200},{"@type":"BreadcrumbList","@id":"https:\/\/www.laudinella.ch\/kultur\/artists-in-residence\/#breadcrumb","itemListElement":[{"@type":"ListItem","position":1,"name":"Startseite","item":"https:\/\/www.laudinella.ch\/"},{"@type":"ListItem","position":2,"name":"Kultur","item":"https:\/\/www.laudinella.ch\/kultur\/"},{"@type":"ListItem","position":3,"name":"Artists in Residence\u00a0"}]},{"@type":"WebSite","@id":"https:\/\/www.laudinella.ch\/en\/#website","url":"https:\/\/www.laudinella.ch\/en\/","name":"Laudinella St. Moritz","description":"Experience sport, culture, cuisine, congresses, courses and nature.","publisher":{"@id":"https:\/\/www.laudinella.ch\/en\/#organization"},"potentialAction":[{"@type":"SearchAction","target":{"@type":"EntryPoint","urlTemplate":"https:\/\/www.laudinella.ch\/en\/?s={search_term_string}"},"query-input":{"@type":"PropertyValueSpecification","valueRequired":true,"valueName":"search_term_string"}}],"inLanguage":"en-GB"},{"@type":"Organization","@id":"https:\/\/www.laudinella.ch\/en\/#organization","name":"Laudinella St. Moritz","url":"https:\/\/www.laudinella.ch\/en\/","logo":{"@type":"ImageObject","inLanguage":"en-GB","@id":"https:\/\/www.laudinella.ch\/en\/#\/schema\/logo\/image\/","url":"https:\/\/www.laudinella.ch\/wp-content\/uploads\/2021\/10\/laudinella_hotel-group_fav-icon.png","contentUrl":"https:\/\/www.laudinella.ch\/wp-content\/uploads\/2021\/10\/laudinella_hotel-group_fav-icon.png","width":512,"height":512,"caption":"Laudinella St. Moritz"},"image":{"@id":"https:\/\/www.laudinella.ch\/en\/#\/schema\/logo\/image\/"}}]}},"_links":{"self":[{"href":"https:\/\/www.laudinella.ch\/en\/wp-json\/wp\/v2\/pages\/2297","targetHints":{"allow":["GET"]}}],"collection":[{"href":"https:\/\/www.laudinella.ch\/en\/wp-json\/wp\/v2\/pages"}],"about":[{"href":"https:\/\/www.laudinella.ch\/en\/wp-json\/wp\/v2\/types\/page"}],"author":[{"embeddable":true,"href":"https:\/\/www.laudinella.ch\/en\/wp-json\/wp\/v2\/users\/22"}],"replies":[{"embeddable":true,"href":"https:\/\/www.laudinella.ch\/en\/wp-json\/wp\/v2\/comments?post=2297"}],"version-history":[{"count":0,"href":"https:\/\/www.laudinella.ch\/en\/wp-json\/wp\/v2\/pages\/2297\/revisions"}],"up":[{"embeddable":true,"href":"https:\/\/www.laudinella.ch\/en\/wp-json\/wp\/v2\/pages\/36357"}],"wp:featuredmedia":[{"embeddable":true,"href":"https:\/\/www.laudinella.ch\/en\/wp-json\/wp\/v2\/media\/3486"}],"wp:attachment":[{"href":"https:\/\/www.laudinella.ch\/en\/wp-json\/wp\/v2\/media?parent=2297"}],"wp:term":[{"taxonomy":"category","embeddable":true,"href":"https:\/\/www.laudinella.ch\/en\/wp-json\/wp\/v2\/categories?post=2297"},{"taxonomy":"post_tag","embeddable":true,"href":"https:\/\/www.laudinella.ch\/en\/wp-json\/wp\/v2\/tags?post=2297"}],"curies":[{"name":"wp","href":"https:\/\/api.w.org\/{rel}","templated":true}]}}