{"id":1789,"date":"2018-11-02T15:37:12","date_gmt":"2018-11-02T14:37:12","guid":{"rendered":"https:\/\/www.laudinella.ch\/?page_id=1789"},"modified":"2026-03-09T11:38:54","modified_gmt":"2026-03-09T10:38:54","slug":"library","status":"publish","type":"page","link":"https:\/\/www.laudinella.ch\/en\/kultur\/bibliothek\/","title":{"rendered":"Library"},"content":{"rendered":"<div data-elementor-type=\"wp-page\" data-elementor-id=\"1789\" class=\"elementor elementor-1789\" data-elementor-post-type=\"page\">\n\t\t\t\t<main class=\"elementor-element elementor-element-1f18791d e-con-full e-flex e-con e-parent\" data-id=\"1f18791d\" data-element_type=\"container\" data-e-type=\"container\">\n\t\t<div class=\"elementor-element elementor-element-5b008316 e-con-full e-flex e-con e-child\" data-id=\"5b008316\" data-element_type=\"container\" data-e-type=\"container\" data-settings=\"{&quot;background_background&quot;:&quot;classic&quot;}\">\n\t\t\t\t<\/div>\n\t\t<div class=\"elementor-element elementor-element-50c35af7 e-con-full e-flex e-con e-child\" data-id=\"50c35af7\" data-element_type=\"container\" data-e-type=\"container\">\n\t\t\t\t<div class=\"elementor-element elementor-element-146754ad elementor-widget elementor-widget-heading\" data-id=\"146754ad\" data-element_type=\"widget\" data-e-type=\"widget\" data-widget_type=\"heading.default\">\n\t\t\t\t<div class=\"elementor-widget-container\">\n\t\t\t\t\t<h1 class=\"elementor-heading-title elementor-size-default\">Laudinella Library<\/h1>\t\t\t\t<\/div>\n\t\t\t\t<\/div>\n\t\t\t\t<div class=\"elementor-element elementor-element-2da25ea6 elementor-widget elementor-widget-heading\" data-id=\"2da25ea6\" data-element_type=\"widget\" data-e-type=\"widget\" data-widget_type=\"heading.default\">\n\t\t\t\t<div class=\"elementor-widget-container\">\n\t\t\t\t\t<h2 class=\"elementor-heading-title elementor-size-default\">Pages of inspiration<\/h2>\t\t\t\t<\/div>\n\t\t\t\t<\/div>\n\t\t\t\t<div class=\"elementor-element elementor-element-51b94a9a elementor-widget elementor-widget-text-editor\" data-id=\"51b94a9a\" data-element_type=\"widget\" data-e-type=\"widget\" data-widget_type=\"text-editor.default\">\n\t\t\t\t<div class=\"elementor-widget-container\">\n\t\t\t\t\t\t\t\t\tThe world is a book. Those who do not travel read only one page \u2013 so goes an old proverb. In our publicly accessible hotel library, you can explore new places through literature even during your vacation. Make yourself comfortable in a cozy armchair or use one of the tables for undisturbed work.\u00a0\u00a0\t\t\t\t\t\t\t\t<\/div>\n\t\t\t\t<\/div>\n\t\t\t\t<\/div>\n\t\t<div class=\"elementor-element elementor-element-76e66e33 e-con-full e-flex e-con e-child\" data-id=\"76e66e33\" data-element_type=\"container\" data-e-type=\"container\">\n\t\t\t\t<div class=\"elementor-element elementor-element-4fb2fdf3 elementor-widget-divider--view-line elementor-widget elementor-widget-divider\" data-id=\"4fb2fdf3\" data-element_type=\"widget\" data-e-type=\"widget\" data-widget_type=\"divider.default\">\n\t\t\t\t<div class=\"elementor-widget-container\">\n\t\t\t\t\t\t\t<div class=\"elementor-divider\">\n\t\t\t<span class=\"elementor-divider-separator\">\n\t\t\t\t\t\t<\/span>\n\t\t<\/div>\n\t\t\t\t\t\t<\/div>\n\t\t\t\t<\/div>\n\t\t\t\t<\/div>\n\t\t<div class=\"elementor-element elementor-element-32121cde e-con-full e-flex e-con e-child\" data-id=\"32121cde\" data-element_type=\"container\" data-e-type=\"container\">\n\t\t\t\t<div class=\"elementor-element elementor-element-7f399 elementor-widget elementor-widget-heading\" data-id=\"7f399\" data-element_type=\"widget\" data-e-type=\"widget\" data-widget_type=\"heading.default\">\n\t\t\t\t<div class=\"elementor-widget-container\">\n\t\t\t\t\t<h3 class=\"elementor-heading-title elementor-size-default\">From crime novels to children&#039;s books<\/h3>\t\t\t\t<\/div>\n\t\t\t\t<\/div>\n\t\t\t\t<div class=\"elementor-element elementor-element-20e197c2 elementor-widget__width-initial elementor-widget elementor-widget-text-editor\" data-id=\"20e197c2\" data-element_type=\"widget\" data-e-type=\"widget\" data-widget_type=\"text-editor.default\">\n\t\t\t\t<div class=\"elementor-widget-container\">\n\t\t\t\t\t\t\t\t\t<p>Since 1960 we have been collecting literary works \u2013 including signed unique copies from the many authors who have stayed overnight and given readings in our houses.<br \/>\n\n<br \/>\nIn addition, there are books of all genres as well as cultural and literary magazines. With a total of around 2000 titles, there&#039;s sure to be one or two surprises hidden within.\n<br \/>\n<br \/>\nWe hope you enjoy browsing.\u00a0<\/p>\t\t\t\t\t\t\t\t<\/div>\n\t\t\t\t<\/div>\n\t\t\t\t<div class=\"elementor-element elementor-element-1100df90 elementor-widget elementor-widget-image\" data-id=\"1100df90\" data-element_type=\"widget\" data-e-type=\"widget\" data-widget_type=\"image.default\">\n\t\t\t\t<div class=\"elementor-widget-container\">\n\t\t\t\t\t\t\t\t\t\t\t\t\t\t\t<img fetchpriority=\"high\" decoding=\"async\" width=\"800\" height=\"534\" src=\"https:\/\/www.laudinella.ch\/wp-content\/uploads\/2026\/01\/laudinella-bibliothek-1024x683.jpg\" class=\"attachment-large size-large wp-image-36953\" alt=\"\" srcset=\"https:\/\/www.laudinella.ch\/wp-content\/uploads\/2026\/01\/laudinella-bibliothek-1024x683.jpg 1024w, https:\/\/www.laudinella.ch\/wp-content\/uploads\/2026\/01\/laudinella-bibliothek-300x200.jpg 300w, https:\/\/www.laudinella.ch\/wp-content\/uploads\/2026\/01\/laudinella-bibliothek-768x512.jpg 768w, https:\/\/www.laudinella.ch\/wp-content\/uploads\/2026\/01\/laudinella-bibliothek-1536x1024.jpg 1536w, https:\/\/www.laudinella.ch\/wp-content\/uploads\/2026\/01\/laudinella-bibliothek-18x12.jpg 18w, https:\/\/www.laudinella.ch\/wp-content\/uploads\/2026\/01\/laudinella-bibliothek.jpg 1920w\" sizes=\"(max-width: 800px) 100vw, 800px\" \/>\t\t\t\t\t\t\t\t\t\t\t\t\t\t\t<\/div>\n\t\t\t\t<\/div>\n\t\t\t\t<\/div>\n\t\t<div class=\"elementor-element elementor-element-34c16916 e-con-full e-flex e-con e-child\" data-id=\"34c16916\" data-element_type=\"container\" data-e-type=\"container\">\n\t\t<div class=\"elementor-element elementor-element-6da15c9 e-con-full e-flex e-con e-child\" data-id=\"6da15c9\" data-element_type=\"container\" data-e-type=\"container\">\n\t\t<div class=\"elementor-element elementor-element-4bd7fb20 e-con-full e-flex e-con e-child\" data-id=\"4bd7fb20\" data-element_type=\"container\" data-e-type=\"container\">\n\t\t\t\t<div class=\"elementor-element elementor-element-6645ff50 elementor-widget elementor-widget-heading\" data-id=\"6645ff50\" data-element_type=\"widget\" data-e-type=\"widget\" data-widget_type=\"heading.default\">\n\t\t\t\t<div class=\"elementor-widget-container\">\n\t\t\t\t\t<h3 class=\"elementor-heading-title elementor-size-default\">LITERATURE HOTEL WEDINA<\/h3>\t\t\t\t<\/div>\n\t\t\t\t<\/div>\n\t\t\t\t<div class=\"elementor-element elementor-element-4b19d0ea elementor-widget elementor-widget-text-editor\" data-id=\"4b19d0ea\" data-element_type=\"widget\" data-e-type=\"widget\" data-widget_type=\"text-editor.default\">\n\t\t\t\t<div class=\"elementor-widget-container\">\n\t\t\t\t\t\t\t\t\tDiscover our hotel in the Hanseatic city! Its centerpiece is a library full of first editions, signed by authors who have stayed here. Among them are renowned figures such as Martin Walser, Henning Mankell, Paul Maar, and Cornelia Funke.\u00a0 \u00a0\n<br><\/br>\nLocated between the main train station and the Alster lake, the Hotel Wedina combines literature with architecture, exposed concrete with vibrant colors, and distant lands with home.\u00a0\t\t\t\t\t\t\t\t<\/div>\n\t\t\t\t<\/div>\n\t\t\t\t<div class=\"elementor-element elementor-element-3ac41646 elementor-align-left elementor-mobile-align-center elementor-widget elementor-widget-button\" data-id=\"3ac41646\" data-element_type=\"widget\" data-e-type=\"widget\" data-widget_type=\"button.default\">\n\t\t\t\t<div class=\"elementor-widget-container\">\n\t\t\t\t\t\t\t\t\t<div class=\"elementor-button-wrapper\">\n\t\t\t\t\t<a class=\"elementor-button elementor-button-link elementor-size-sm\" href=\"https:\/\/www.hotelwedina.de\/\" target=\"_blank\" aria-label=\"Discover the Literature Hotel Wedina\">\n\t\t\t\t\t\t<span class=\"elementor-button-content-wrapper\">\n\t\t\t\t\t\t\t\t\t<span class=\"elementor-button-text\">TO HOTEL WEDINA<\/span>\n\t\t\t\t\t<\/span>\n\t\t\t\t\t<\/a>\n\t\t\t\t<\/div>\n\t\t\t\t\t\t\t\t<\/div>\n\t\t\t\t<\/div>\n\t\t\t\t<\/div>\n\t\t<div class=\"elementor-element elementor-element-fe6eda4 e-con-full e-flex e-con e-child\" data-id=\"fe6eda4\" data-element_type=\"container\" data-e-type=\"container\" data-settings=\"{&quot;background_background&quot;:&quot;classic&quot;}\">\n\t\t\t\t<\/div>\n\t\t\t\t<\/div>\n\t\t\t\t<\/div>\n\t\t\t\t<\/main>\n\t\t\t\t<\/div>","protected":false},"excerpt":{"rendered":"<p>Laudinella Bibliothek<br \/>\nSeitenweise Inspiration<br \/>\n\t\tDie Welt ist ein Buch. Wer nicht reist, sieht nur eine Seite davon \u2013 so lautet ein altes Sprichwort. In unserer \u00f6ffentlich zug\u00e4nglichen Hotelbibliothek k\u00f6nnen Sie auch w\u00e4hrend Ihrer Ferien literarisch neue Orte erkunden. Machen Sie es sich in einem gem\u00fctlichen Sessel bequem oder nutzen Sie einen der [&#8230;]<\/p>\n","protected":false},"author":22,"featured_media":23574,"parent":36357,"menu_order":0,"comment_status":"closed","ping_status":"closed","template":"","meta":{"footnotes":""},"categories":[],"tags":[],"class_list":["post-1789","page","type-page","status-publish","has-post-thumbnail","hentry"],"yoast_head":"<!-- This site is optimized with the Yoast SEO plugin v27.5 - https:\/\/yoast.com\/product\/yoast-seo-wordpress\/ -->\n<title>Bibliothek - Laudinella Group St. Moritz<\/title>\n<meta name=\"description\" content=\"\u00d6ffentliche Bibliothek in St. Moritz-Bad. St\u00f6bern Sie durch handsignierte Werke oder nutzen Sie den Raum f\u00fcr ungest\u00f6rtes Arbeiten.\" \/>\n<meta name=\"robots\" content=\"index, follow, max-snippet:-1, max-image-preview:large, max-video-preview:-1\" \/>\n<link rel=\"canonical\" href=\"https:\/\/www.laudinella.ch\/en\/culture\/library\/\" \/>\n<meta property=\"og:locale\" content=\"en_GB\" \/>\n<meta property=\"og:type\" content=\"article\" \/>\n<meta property=\"og:title\" content=\"Bibliothek\u2013 Laudinella Group\" \/>\n<meta property=\"og:description\" content=\"\u00d6ffentliche Bibliothek in St. Moritz-Bad. St\u00f6bern Sie durch handsignierte Werke oder nutzen Sie den Raum f\u00fcr ungest\u00f6rtes Arbeiten.\" \/>\n<meta property=\"og:url\" content=\"https:\/\/www.laudinella.ch\/en\/culture\/library\/\" \/>\n<meta property=\"og:site_name\" content=\"Laudinella Group St. Moritz\" \/>\n<meta property=\"article:modified_time\" content=\"2026-03-09T10:38:54+00:00\" \/>\n<meta property=\"og:image\" content=\"https:\/\/www.laudinella.ch\/wp-content\/uploads\/2023\/01\/14122021_LAU_Bibliothek_Unten.jpg\" \/>\n\t<meta property=\"og:image:width\" content=\"1920\" \/>\n\t<meta property=\"og:image:height\" content=\"1281\" \/>\n\t<meta property=\"og:image:type\" content=\"image\/jpeg\" \/>\n<meta name=\"twitter:card\" content=\"summary_large_image\" \/>\n<meta name=\"twitter:title\" content=\"Bibliothek\u2013 Laudinella Group\" \/>\n<meta name=\"twitter:description\" content=\"\u00d6ffentliche Bibliothek in St. Moritz-Bad. St\u00f6bern Sie durch handsignierte Werke oder nutzen Sie den Raum f\u00fcr ungest\u00f6rtes Arbeiten.\" \/>\n<meta name=\"twitter:image\" content=\"https:\/\/www.laudinella.ch\/wp-content\/uploads\/2023\/01\/14122021_LAU_Bibliothek_Unten.jpg\" \/>\n<script type=\"application\/ld+json\" class=\"yoast-schema-graph\">{\"@context\":\"https:\\\/\\\/schema.org\",\"@graph\":[{\"@type\":\"WebPage\",\"@id\":\"https:\\\/\\\/www.laudinella.ch\\\/kultur\\\/bibliothek\\\/\",\"url\":\"https:\\\/\\\/www.laudinella.ch\\\/kultur\\\/bibliothek\\\/\",\"name\":\"Bibliothek - Laudinella Group St. Moritz\",\"isPartOf\":{\"@id\":\"https:\\\/\\\/www.laudinella.ch\\\/en\\\/#website\"},\"primaryImageOfPage\":{\"@id\":\"https:\\\/\\\/www.laudinella.ch\\\/kultur\\\/bibliothek\\\/#primaryimage\"},\"image\":{\"@id\":\"https:\\\/\\\/www.laudinella.ch\\\/kultur\\\/bibliothek\\\/#primaryimage\"},\"thumbnailUrl\":\"https:\\\/\\\/www.laudinella.ch\\\/wp-content\\\/uploads\\\/2023\\\/01\\\/14122021_LAU_Bibliothek_Unten.jpg\",\"datePublished\":\"2018-11-02T14:37:12+00:00\",\"dateModified\":\"2026-03-09T10:38:54+00:00\",\"description\":\"\u00d6ffentliche Bibliothek in St. Moritz-Bad. St\u00f6bern Sie durch handsignierte Werke oder nutzen Sie den Raum f\u00fcr ungest\u00f6rtes Arbeiten.\",\"breadcrumb\":{\"@id\":\"https:\\\/\\\/www.laudinella.ch\\\/kultur\\\/bibliothek\\\/#breadcrumb\"},\"inLanguage\":\"en-GB\",\"potentialAction\":[{\"@type\":\"ReadAction\",\"target\":[\"https:\\\/\\\/www.laudinella.ch\\\/kultur\\\/bibliothek\\\/\"]}]},{\"@type\":\"ImageObject\",\"inLanguage\":\"en-GB\",\"@id\":\"https:\\\/\\\/www.laudinella.ch\\\/kultur\\\/bibliothek\\\/#primaryimage\",\"url\":\"https:\\\/\\\/www.laudinella.ch\\\/wp-content\\\/uploads\\\/2023\\\/01\\\/14122021_LAU_Bibliothek_Unten.jpg\",\"contentUrl\":\"https:\\\/\\\/www.laudinella.ch\\\/wp-content\\\/uploads\\\/2023\\\/01\\\/14122021_LAU_Bibliothek_Unten.jpg\",\"width\":1920,\"height\":1281},{\"@type\":\"BreadcrumbList\",\"@id\":\"https:\\\/\\\/www.laudinella.ch\\\/kultur\\\/bibliothek\\\/#breadcrumb\",\"itemListElement\":[{\"@type\":\"ListItem\",\"position\":1,\"name\":\"Startseite\",\"item\":\"https:\\\/\\\/www.laudinella.ch\\\/\"},{\"@type\":\"ListItem\",\"position\":2,\"name\":\"Kultur\",\"item\":\"https:\\\/\\\/www.laudinella.ch\\\/kultur\\\/\"},{\"@type\":\"ListItem\",\"position\":3,\"name\":\"Bibliothek\"}]},{\"@type\":\"WebSite\",\"@id\":\"https:\\\/\\\/www.laudinella.ch\\\/en\\\/#website\",\"url\":\"https:\\\/\\\/www.laudinella.ch\\\/en\\\/\",\"name\":\"Laudinella St. Moritz\",\"description\":\"Sport, Kultur, Kulinarik, Kongresse, Kurse und Natur erleben.\",\"publisher\":{\"@id\":\"https:\\\/\\\/www.laudinella.ch\\\/en\\\/#organization\"},\"potentialAction\":[{\"@type\":\"SearchAction\",\"target\":{\"@type\":\"EntryPoint\",\"urlTemplate\":\"https:\\\/\\\/www.laudinella.ch\\\/en\\\/?s={search_term_string}\"},\"query-input\":{\"@type\":\"PropertyValueSpecification\",\"valueRequired\":true,\"valueName\":\"search_term_string\"}}],\"inLanguage\":\"en-GB\"},{\"@type\":\"Organization\",\"@id\":\"https:\\\/\\\/www.laudinella.ch\\\/en\\\/#organization\",\"name\":\"Laudinella St. Moritz\",\"url\":\"https:\\\/\\\/www.laudinella.ch\\\/en\\\/\",\"logo\":{\"@type\":\"ImageObject\",\"inLanguage\":\"en-GB\",\"@id\":\"https:\\\/\\\/www.laudinella.ch\\\/en\\\/#\\\/schema\\\/logo\\\/image\\\/\",\"url\":\"https:\\\/\\\/www.laudinella.ch\\\/wp-content\\\/uploads\\\/2021\\\/10\\\/laudinella_hotel-group_fav-icon.png\",\"contentUrl\":\"https:\\\/\\\/www.laudinella.ch\\\/wp-content\\\/uploads\\\/2021\\\/10\\\/laudinella_hotel-group_fav-icon.png\",\"width\":512,\"height\":512,\"caption\":\"Laudinella St. Moritz\"},\"image\":{\"@id\":\"https:\\\/\\\/www.laudinella.ch\\\/en\\\/#\\\/schema\\\/logo\\\/image\\\/\"}}]}<\/script>\n<!-- \/ Yoast SEO plugin. -->","yoast_head_json":{"title":"Library - Laudinella Group St. Moritz","description":"Public library in St. Moritz-Bad. Browse through hand-signed works or use the space for undisturbed work.","robots":{"index":"index","follow":"follow","max-snippet":"max-snippet:-1","max-image-preview":"max-image-preview:large","max-video-preview":"max-video-preview:-1"},"canonical":"https:\/\/www.laudinella.ch\/en\/culture\/library\/","og_locale":"en_GB","og_type":"article","og_title":"Bibliothek\u2013 Laudinella Group","og_description":"\u00d6ffentliche Bibliothek in St. Moritz-Bad. St\u00f6bern Sie durch handsignierte Werke oder nutzen Sie den Raum f\u00fcr ungest\u00f6rtes Arbeiten.","og_url":"https:\/\/www.laudinella.ch\/en\/culture\/library\/","og_site_name":"Laudinella Group St. Moritz","article_modified_time":"2026-03-09T10:38:54+00:00","og_image":[{"width":1920,"height":1281,"url":"https:\/\/www.laudinella.ch\/wp-content\/uploads\/2023\/01\/14122021_LAU_Bibliothek_Unten.jpg","type":"image\/jpeg"}],"twitter_card":"summary_large_image","twitter_title":"Bibliothek\u2013 Laudinella Group","twitter_description":"\u00d6ffentliche Bibliothek in St. Moritz-Bad. St\u00f6bern Sie durch handsignierte Werke oder nutzen Sie den Raum f\u00fcr ungest\u00f6rtes Arbeiten.","twitter_image":"https:\/\/www.laudinella.ch\/wp-content\/uploads\/2023\/01\/14122021_LAU_Bibliothek_Unten.jpg","schema":{"@context":"https:\/\/schema.org","@graph":[{"@type":"WebPage","@id":"https:\/\/www.laudinella.ch\/kultur\/bibliothek\/","url":"https:\/\/www.laudinella.ch\/kultur\/bibliothek\/","name":"Library - Laudinella Group St. Moritz","isPartOf":{"@id":"https:\/\/www.laudinella.ch\/en\/#website"},"primaryImageOfPage":{"@id":"https:\/\/www.laudinella.ch\/kultur\/bibliothek\/#primaryimage"},"image":{"@id":"https:\/\/www.laudinella.ch\/kultur\/bibliothek\/#primaryimage"},"thumbnailUrl":"https:\/\/www.laudinella.ch\/wp-content\/uploads\/2023\/01\/14122021_LAU_Bibliothek_Unten.jpg","datePublished":"2018-11-02T14:37:12+00:00","dateModified":"2026-03-09T10:38:54+00:00","description":"Public library in St. Moritz-Bad. Browse through hand-signed works or use the space for undisturbed work.","breadcrumb":{"@id":"https:\/\/www.laudinella.ch\/kultur\/bibliothek\/#breadcrumb"},"inLanguage":"en-GB","potentialAction":[{"@type":"ReadAction","target":["https:\/\/www.laudinella.ch\/kultur\/bibliothek\/"]}]},{"@type":"ImageObject","inLanguage":"en-GB","@id":"https:\/\/www.laudinella.ch\/kultur\/bibliothek\/#primaryimage","url":"https:\/\/www.laudinella.ch\/wp-content\/uploads\/2023\/01\/14122021_LAU_Bibliothek_Unten.jpg","contentUrl":"https:\/\/www.laudinella.ch\/wp-content\/uploads\/2023\/01\/14122021_LAU_Bibliothek_Unten.jpg","width":1920,"height":1281},{"@type":"BreadcrumbList","@id":"https:\/\/www.laudinella.ch\/kultur\/bibliothek\/#breadcrumb","itemListElement":[{"@type":"ListItem","position":1,"name":"Startseite","item":"https:\/\/www.laudinella.ch\/"},{"@type":"ListItem","position":2,"name":"Kultur","item":"https:\/\/www.laudinella.ch\/kultur\/"},{"@type":"ListItem","position":3,"name":"Bibliothek"}]},{"@type":"WebSite","@id":"https:\/\/www.laudinella.ch\/en\/#website","url":"https:\/\/www.laudinella.ch\/en\/","name":"Laudinella St. Moritz","description":"Experience sport, culture, cuisine, congresses, courses and nature.","publisher":{"@id":"https:\/\/www.laudinella.ch\/en\/#organization"},"potentialAction":[{"@type":"SearchAction","target":{"@type":"EntryPoint","urlTemplate":"https:\/\/www.laudinella.ch\/en\/?s={search_term_string}"},"query-input":{"@type":"PropertyValueSpecification","valueRequired":true,"valueName":"search_term_string"}}],"inLanguage":"en-GB"},{"@type":"Organization","@id":"https:\/\/www.laudinella.ch\/en\/#organization","name":"Laudinella St. Moritz","url":"https:\/\/www.laudinella.ch\/en\/","logo":{"@type":"ImageObject","inLanguage":"en-GB","@id":"https:\/\/www.laudinella.ch\/en\/#\/schema\/logo\/image\/","url":"https:\/\/www.laudinella.ch\/wp-content\/uploads\/2021\/10\/laudinella_hotel-group_fav-icon.png","contentUrl":"https:\/\/www.laudinella.ch\/wp-content\/uploads\/2021\/10\/laudinella_hotel-group_fav-icon.png","width":512,"height":512,"caption":"Laudinella St. Moritz"},"image":{"@id":"https:\/\/www.laudinella.ch\/en\/#\/schema\/logo\/image\/"}}]}},"_links":{"self":[{"href":"https:\/\/www.laudinella.ch\/en\/wp-json\/wp\/v2\/pages\/1789","targetHints":{"allow":["GET"]}}],"collection":[{"href":"https:\/\/www.laudinella.ch\/en\/wp-json\/wp\/v2\/pages"}],"about":[{"href":"https:\/\/www.laudinella.ch\/en\/wp-json\/wp\/v2\/types\/page"}],"author":[{"embeddable":true,"href":"https:\/\/www.laudinella.ch\/en\/wp-json\/wp\/v2\/users\/22"}],"replies":[{"embeddable":true,"href":"https:\/\/www.laudinella.ch\/en\/wp-json\/wp\/v2\/comments?post=1789"}],"version-history":[{"count":0,"href":"https:\/\/www.laudinella.ch\/en\/wp-json\/wp\/v2\/pages\/1789\/revisions"}],"up":[{"embeddable":true,"href":"https:\/\/www.laudinella.ch\/en\/wp-json\/wp\/v2\/pages\/36357"}],"wp:featuredmedia":[{"embeddable":true,"href":"https:\/\/www.laudinella.ch\/en\/wp-json\/wp\/v2\/media\/23574"}],"wp:attachment":[{"href":"https:\/\/www.laudinella.ch\/en\/wp-json\/wp\/v2\/media?parent=1789"}],"wp:term":[{"taxonomy":"category","embeddable":true,"href":"https:\/\/www.laudinella.ch\/en\/wp-json\/wp\/v2\/categories?post=1789"},{"taxonomy":"post_tag","embeddable":true,"href":"https:\/\/www.laudinella.ch\/en\/wp-json\/wp\/v2\/tags?post=1789"}],"curies":[{"name":"wp","href":"https:\/\/api.w.org\/{rel}","templated":true}]}}