{"id":119,"date":"2018-09-01T10:44:48","date_gmt":"2018-09-01T09:44:48","guid":{"rendered":"https:\/\/www.laudinella.ch\/?page_id=119"},"modified":"2025-12-11T15:27:25","modified_gmt":"2025-12-11T14:27:25","slug":"conditions","status":"publish","type":"page","link":"https:\/\/www.laudinella.ch\/en\/agb\/","title":{"rendered":"General terms and conditions"},"content":{"rendered":"<div data-elementor-type=\"wp-page\" data-elementor-id=\"119\" class=\"elementor elementor-119\" data-elementor-post-type=\"page\">\n\t\t\t\t<main class=\"elementor-element elementor-element-dbd8529 e-con-full e-ecs-flex e-flex e-con e-parent\" data-id=\"dbd8529\" data-element_type=\"container\" data-e-type=\"container\" data-settings=\"{&quot;ecs_container_type&quot;:&quot;flex&quot;}\">\n\t\t<div class=\"elementor-element elementor-element-7a09ff1 e-con-full e-ecs-flex e-flex e-con e-child\" data-id=\"7a09ff1\" data-element_type=\"container\" data-e-type=\"container\" data-settings=\"{&quot;background_background&quot;:&quot;classic&quot;,&quot;ecs_container_type&quot;:&quot;flex&quot;}\">\n\t\t\t\t<\/div>\n\t\t<div class=\"elementor-element elementor-element-31870da e-con-full e-ecs-flex e-flex e-con e-child\" data-id=\"31870da\" data-element_type=\"container\" data-e-type=\"container\" data-settings=\"{&quot;ecs_container_type&quot;:&quot;flex&quot;}\">\n\t\t\t\t<div class=\"elementor-element elementor-element-de4f9ce elementor-widget elementor-widget-heading\" data-id=\"de4f9ce\" data-element_type=\"widget\" data-e-type=\"widget\" data-widget_type=\"heading.default\">\n\t\t\t\t<div class=\"elementor-widget-container\">\n\t\t\t\t\t<h1 class=\"elementor-heading-title elementor-size-default\">Terms and Conditions<\/h1>\t\t\t\t<\/div>\n\t\t\t\t<\/div>\n\t\t\t\t<\/div>\n\t\t<div class=\"elementor-element elementor-element-43f1192 e-con-full e-ecs-flex e-flex e-con e-child\" data-id=\"43f1192\" data-element_type=\"container\" data-e-type=\"container\" data-settings=\"{&quot;ecs_container_type&quot;:&quot;flex&quot;}\">\n\t\t\t\t<div class=\"elementor-element elementor-element-035fa9f elementor-widget elementor-widget-text-editor\" data-id=\"035fa9f\" data-element_type=\"widget\" data-e-type=\"widget\" data-widget_type=\"text-editor.default\">\n\t\t\t\t<div class=\"elementor-widget-container\">\n\t\t\t\t\t\t\t\t\t<p><strong>1. General terms and conditions<\/strong><br \/>\n<em>1.1. Area of application<\/em><br \/>\nThe available general trading conditions apply to the hire of rooms and\/or seminar and banquet facilities, as well as all associated additional services and sup-plies of the Laudinella AG (in the following \"Hotel\") to customers. All offers of the hotel are based on the following general terms &amp; conditions.<br \/>\nThey form an integrating component of every agreement between the hotel and a customer. Should the available terms &amp; conditions contradict any possible contractual requirements of a customer, the available general terms &amp; conditions will take precedence.<\/p>\n<p><em>1.2. Conclusion of agreement<\/em><br \/>\nFollowing the reservation by the customer, he will receive a written reservation confirmation from the hotel in duplicate. The agreement between the parties is deemed to be concluded with the return of the signed reservation confirmation to the hotel.<br \/>\nWith guests arriving spontaneously or extending their stay directly at the hotel, the contract will be concluded verbally.<\/p>\n<p><em>1.3. Services, payments and prices<\/em><br \/>\nThe hotel commits to rendering the services ordered by the customer and confirmed in writing by the hotel or providing adequate alternatives.<br \/>\nAll prices are quoted in Swiss Francs (CHF) and include the statutory value-added tax (VAT.). Price adjustments remain expressly reserved by the hotel prior to the conclusion of the agreement.<\/p>\n<p>At its discretion, the hotel is entitled to request an ap-propriate prepayment. The amount of the prepayment and the dates of payment are agreed upon in writing in the agreement. Should the customer fail to commit to his prepayment obligation in due time, the hotel is entitled to terminate the agreement after an appropri-ate extension period. The customer is liable to the hotel for any damage resulting from such failure.\nIf the hotel requests no prepayment, the full invoice amount is payable at the latest with the departure of the customer by credit card, debit card, or in cash. With payment on invoice, the full invoice amount is due within 10 days of the invoice date.<br \/>\nIf no deposit is requested by the hotel, the entire invoice amount must be paid by the customer by credit card, debit card or Twint at the latest on departure. If payment by invoice is agreed, the entire invoice amount is due within 10 days of the invoice date.<\/p>\n<p><em>1.4. Liability<\/em><br \/>\nThe customer bears liability towards the hotel for all damages and losses or other damages, which are caused by him, his family members, his employees and his event participants.<br \/>\nThe hotel rejects all liabilities from theft and\/or dam-age to material property, which is brought in by the customer, event participants or third parties, connected to the customer. The insurance of luggage, exhibition objects, as well as other items, which are brought in by the customer or event participants, falls under the responsibilities of the customer. The hotel may require proof of sufficient insurance cover from the customer at any time and the hotel's discretion.<\/p>\n<p><em>1.5. Withdrawal of the Laudinella AG<\/em><br \/>\nShould the execution of hotel services, as specified in the agreement, become wholly or partly impeded or impossible due to force majeure or for reasons not attributable to the hotel, the hotel will inform the customer immediately. The hotel may withdraw in full or partially from the part of the contract not yet fulfilled.<br \/>\nNo compensation will be paid.\nThe hotel is also entitled to the withdrawal without compensation, where there are reasonable grounds for an event endangering openly smooth business operations, safety or the reputation of the hotel. The hotel expressly reserves possible claims for compen-sation against the customer.<\/p>\n<p><strong>2. Hotel rooms<\/strong><br \/>\n<em>2.1. Arrival \/ departure times<\/em><br \/>\nThe hotel room is available from 3 p.m. on the day of arrival and must be vacated by 10:30 a.m. on the day of departure.<\/p>\n<p><em>2.2. Impossible arrival<\/em><br \/>\nShould the customer fail to arrive, or arrive late, as a result of force majeure (floods, avalanches, earthquakes, etc.), he is not obligated to pay for the missed days. The customer must provide evidence of the impossibility to travel to the hotel. The obligation to pay is reinstated at the moment the inward journey becomes possible.<\/p>\n<p><em>2.3. Room contingents<\/em><br \/>\nThe hotel receives a list of participants with the follow-ing data from the customer, at the latest, 21 days prior to the arrival: First name and surname of all guests, arrival time, conditions of payment of each guest.<br \/>\nAt the expiration of the period specified by the hotel, remaining available rooms of the respective contingent will be once more released for sale.<\/p>\n<p><em>2.4. Cancellation conditions<\/em><br \/>\n\u2022 From 26.12. \u2013 10.01. Cancellation 30 days before arrival free of charge<br \/>\n\u2022 All other cancellation conditions are based on the rules stated on the confirmation or in the agreed contract.<br \/>\nWith later cancellations, 100% of the agreed price is due for payment. Additionally, the hotel will charge the customer in full for all services delivered in advance.<br \/>\nNon-cancellable rates require 100% prepayment at the time of the concluded reservation. No cancellation or changes are possible thereafter.<br \/>\nThe resale of rooms is possible only after arrange-ment with the hotel.<\/p>\n<p>The hotel reserves the right to specify individual can-cellation conditions as part of the agreement.<\/p>\n<p><strong>3. Banquets \/ seminars \/ events<br \/>\n<\/strong><em>3.1. Use of rooms and permits<\/em><br \/>\nUnless otherwise agreed, the premises are available from 8 a.m. and must be completely vacated on the last evening.<br \/>\nThe hotel reserves the right to make room changes. The hotel will take into account the size of the group. A subletting or re-letting of rooms or areas by the customer requires the prior written approval of the hotel.<br \/>\nUnless the individual contract provides otherwise, the organizer must obtain any necessary permits himself and on his own account.<br \/>\nCopyright compensation related to musical perfor-mances is to be registered and cleared with SUISA by the organiser.<\/p>\n<p><em>3.2. Number of participants<\/em><br \/>\nThe organizer will notify the hotel of the final minimum number of participants at least<br \/>\n\u2022 48 hours in advance for banquets<br \/>\n\u2022 3 days in advance for seminars<br \/>\ndays in advance of seminars \nShould the effective number of persons be less than booked, the originally indicated number is considered as invoice basis; should the effective number of per-sons be higher than booked, the hotel will not warrant for the consideration of all guests, and the effective costs will be charged.<\/p>\n<p><em>3.3. Facilities\/ program sequence<\/em><br \/>\nThe desired room furnishings \/ seating and the exact program schedule must be announced to the hotel 1 week before the event.<\/p>\n<p><em>3.4. Information material \/ printed material<\/em><br \/>\nThe affixation of information material outside of the rented room is to be coordinated with the hotel. The use of logos or images of the hotel in any form by the organiser always requires the previous written permission of the hotel.<\/p>\n<p><em>3.5. Catering<\/em><br \/>\nThe final selection of menus, coffee breaks and wines must be forwarded to the hotel 14 days prior to the event. If there are no other agreements in place, the organiser is obligated to obtain all meals and bever-ages from the hotel.<br \/>\nAny brought beverage bottles will be charged with a corkage fee of CHF 45.00 for bottles of 75cl and CHF 85.00 for bottles of 150cl.<br \/>\nPerfect quality of the meals can be only guaranteed if the agreed times are kept or the organiser informs the hotel at least 1 hour in advance about any changes.<br \/>\nInformed about changes 1 hour in advance.<\/p>\n<p><em>3.6. Night surcharge<\/em><br \/>\nFrom midnight onwards, CHF 250.00 (up to 60 people) and CHF 350.00 (from 61 people) will be charged per started hour.<\/p>\n<p><em>3.7. Deposit<\/em><br \/>\nUnless otherwise agreed, 50% of the offered amount are due 14 days before the event as a deposit.<\/p>\n<p><em>3.8. Cancellation conditions<\/em><br \/>\nThe cancellation is free of charge up to 14 days before the event.<br \/>\nIn the event of later cancellations, 100% of the agreed price will be due. Services provided in advance by the hotel must be paid for in any case.<\/p>\n<p><em>3.9. Damage\/cleaning\/waste<\/em><br \/>\nIn any case, the client\/customer is liable for all damage that occurs to rooms, facilities, furniture, etc.<\/p>\n<p>If special cleaning or additional waste collection needs to be carried out due to exceptional contamination, the client\/customer will be charged for the additional effort.<\/p>\n<p><strong>4. Delivery<br \/>\n<\/strong><em>4.1. Orders<\/em><br \/>\nAll orders are confirmed as such, once you receive our confirmation email.<\/p>\n<p><em>4.2. Services and price<\/em><br \/>\nOrders are processed after receipt. Requested delivery times are considered whenever possible, are, however, not guaranteed.<br \/>\nThe prices include VAT. The published prices are binding and are confirmed accordingly. Price changes may arise in the case of special requests. Delivery costs are charged to the total invoice according to published prices.<br \/>\nA refund of already paid, but not used services is not possible unless caused by rough negligence.<br \/>\nDelays in delivery do not entitle the customer to cancel the binding order.<\/p>\n<p><em>4.3. Withdrawal<\/em><br \/>\nCancellations and changes can be received only by telephone, immediately after the confirmation. With later cancellations of the order, production costs might be charged.<\/p>\n<p><em>4.4. Terms of payment<\/em><br \/>\nAll invoices are to be paid upon delivery by credit card or Twint. Invoicing is not possible.<\/p>\n<p><em>4.5. Liability<\/em><br \/>\nThe drive is liable for damage, gross contamination or loss or the entire delivery, or parts thereof. Relevant claims must be communicated to the driver at the time of the delivery. Thereafter, the delivery is considered as complete, and no claim for compensation is ac-cepted. The hotel Laudinella is not responsible for late or missing deliveries.<\/p>\n<p><em>4.6. Selling alcoholic beverages<\/em> Drinks for young people<br \/>\nAccording to cantonal legislation, the sale of alcohol to young people is subject to various restrictions. Under\u00a0<a href=\"https:\/\/delivery.laudinella.ch\/\">delivery.laudinella.ch\/<\/a>\u00a0no alcohol is generally sold to young people under 18 years of age. By stating that the customer is over 18 years of age, he\/she confirms this bindingly so that this regulation and the legal requirements can be complied with.<\/p>\n<p><strong>5. Courses<br \/>\n<\/strong><em>5.1. Registration<\/em><br \/>\nRegistration is possible up to the specified registration deadline and registration is binding. Later registrations can be accepted, provided that there are still free course places available.<\/p>\n<p><em>5.2. Deregistration<\/em><br \/>\nCancellation without any costs is possible up to the date of the registration deadline. For cancellations made at a later point in time, 100% of the course fees will be charged.<\/p>\n<p><em>5.3. Deposit<\/em><br \/>\nThe course fees are to be paid in full (100%) in advance within 10 days after the registration deadline or a credit card must be deposited as a guarantee.<\/p>\n<p><em>5.4. Course implementation<\/em><br \/>\nThe definitive implementation of the course will be confirmed in writing no later than 5 days after the registration deadline.<\/p>\n<p><strong>6. Applicable law \/ place of jurisdiction<\/strong><br \/>\nOnly Swiss law applies to this agreement with St. Moritz as the place of jurisdiction. Should individual or several provisions of these general terms &amp; conditions be invalid in whole or in part, the validity of the remaining provisions will remain unaffected.<\/p>\n<p>St. Moritz, February 2024<\/p>\t\t\t\t\t\t\t\t<\/div>\n\t\t\t\t<\/div>\n\t\t\t\t<\/div>\n\t\t\t\t<\/main>\n\t\t\t\t<\/div>","protected":false},"excerpt":{"rendered":"<p>Allgemeine Gesch\u00e4ftsbedingungen<br \/>\n1. Allgemeine Bestimmungen<br \/>\n1.1. Geltungsbereich<br \/>\nDie vorliegenden Allgemeinen Gesch\u00e4ftsbedingungen (in Folge \u201eAGB\u201c genannt) gelten f\u00fcr die \u00dcberlassung von Zimmern und\/oder Seminar- und Bankettr\u00e4umlichkeiten sowie f\u00fcr alle damit verbundenen weiteren Leistungen und Lieferungen der Laudinella AG (in Folge Hotel genannt) an Kunden. S\u00e4mtliche Offerten des Hotels basieren auf den folgenden [&#8230;]<\/p>\n","protected":false},"author":22,"featured_media":0,"parent":0,"menu_order":0,"comment_status":"closed","ping_status":"closed","template":"","meta":{"footnotes":""},"categories":[],"tags":[],"class_list":["post-119","page","type-page","status-publish","hentry"],"yoast_head":"<!-- This site is optimized with the Yoast SEO plugin v27.6 - https:\/\/yoast.com\/product\/yoast-seo-wordpress\/ -->\n<title>Allgemeine Gesch\u00e4ftbedingungen - Laudinella Group St. Moritz<\/title>\n<meta name=\"robots\" content=\"index, follow, max-snippet:-1, max-image-preview:large, max-video-preview:-1\" \/>\n<link rel=\"canonical\" href=\"https:\/\/www.laudinella.ch\/en\/conditions\/\" \/>\n<meta property=\"og:locale\" content=\"en_GB\" \/>\n<meta property=\"og:type\" content=\"article\" \/>\n<meta property=\"og:title\" content=\"Allgemeine Gesch\u00e4ftbedingungen - Laudinella Group St. Moritz\" \/>\n<meta property=\"og:description\" content=\"Allgemeine Gesch\u00e4ftsbedingungen 1. Allgemeine Bestimmungen 1.1. Geltungsbereich Die vorliegenden Allgemeinen Gesch\u00e4ftsbedingungen (in Folge \u201eAGB\u201c genannt) gelten f\u00fcr die \u00dcberlassung von Zimmern und\/oder Seminar- und Bankettr\u00e4umlichkeiten sowie f\u00fcr alle damit verbundenen weiteren Leistungen und Lieferungen der Laudinella AG (in Folge Hotel genannt) an Kunden. S\u00e4mtliche Offerten des Hotels basieren auf den folgenden [...]\" \/>\n<meta property=\"og:url\" content=\"https:\/\/www.laudinella.ch\/en\/conditions\/\" \/>\n<meta property=\"og:site_name\" content=\"Laudinella Group St. Moritz\" \/>\n<meta property=\"article:modified_time\" content=\"2025-12-11T14:27:25+00:00\" \/>\n<meta name=\"twitter:card\" content=\"summary_large_image\" \/>\n<script type=\"application\/ld+json\" class=\"yoast-schema-graph\">{\"@context\":\"https:\\\/\\\/schema.org\",\"@graph\":[{\"@type\":\"WebPage\",\"@id\":\"https:\\\/\\\/www.laudinella.ch\\\/agb\\\/\",\"url\":\"https:\\\/\\\/www.laudinella.ch\\\/agb\\\/\",\"name\":\"Allgemeine Gesch\u00e4ftbedingungen - Laudinella Group St. Moritz\",\"isPartOf\":{\"@id\":\"https:\\\/\\\/www.laudinella.ch\\\/en\\\/#website\"},\"datePublished\":\"2018-09-01T09:44:48+00:00\",\"dateModified\":\"2025-12-11T14:27:25+00:00\",\"breadcrumb\":{\"@id\":\"https:\\\/\\\/www.laudinella.ch\\\/agb\\\/#breadcrumb\"},\"inLanguage\":\"en-GB\",\"potentialAction\":[{\"@type\":\"ReadAction\",\"target\":[\"https:\\\/\\\/www.laudinella.ch\\\/agb\\\/\"]}]},{\"@type\":\"BreadcrumbList\",\"@id\":\"https:\\\/\\\/www.laudinella.ch\\\/agb\\\/#breadcrumb\",\"itemListElement\":[{\"@type\":\"ListItem\",\"position\":1,\"name\":\"Startseite\",\"item\":\"https:\\\/\\\/www.laudinella.ch\\\/\"},{\"@type\":\"ListItem\",\"position\":2,\"name\":\"Allgemeine Gesch\u00e4ftbedingungen\"}]},{\"@type\":\"WebSite\",\"@id\":\"https:\\\/\\\/www.laudinella.ch\\\/en\\\/#website\",\"url\":\"https:\\\/\\\/www.laudinella.ch\\\/en\\\/\",\"name\":\"Laudinella St. Moritz\",\"description\":\"Sport, Kultur, Kulinarik, Kongresse, Kurse und Natur erleben.\",\"publisher\":{\"@id\":\"https:\\\/\\\/www.laudinella.ch\\\/en\\\/#organization\"},\"potentialAction\":[{\"@type\":\"SearchAction\",\"target\":{\"@type\":\"EntryPoint\",\"urlTemplate\":\"https:\\\/\\\/www.laudinella.ch\\\/en\\\/?s={search_term_string}\"},\"query-input\":{\"@type\":\"PropertyValueSpecification\",\"valueRequired\":true,\"valueName\":\"search_term_string\"}}],\"inLanguage\":\"en-GB\"},{\"@type\":\"Organization\",\"@id\":\"https:\\\/\\\/www.laudinella.ch\\\/en\\\/#organization\",\"name\":\"Laudinella St. Moritz\",\"url\":\"https:\\\/\\\/www.laudinella.ch\\\/en\\\/\",\"logo\":{\"@type\":\"ImageObject\",\"inLanguage\":\"en-GB\",\"@id\":\"https:\\\/\\\/www.laudinella.ch\\\/en\\\/#\\\/schema\\\/logo\\\/image\\\/\",\"url\":\"https:\\\/\\\/www.laudinella.ch\\\/wp-content\\\/uploads\\\/2021\\\/10\\\/laudinella_hotel-group_fav-icon.png\",\"contentUrl\":\"https:\\\/\\\/www.laudinella.ch\\\/wp-content\\\/uploads\\\/2021\\\/10\\\/laudinella_hotel-group_fav-icon.png\",\"width\":512,\"height\":512,\"caption\":\"Laudinella St. Moritz\"},\"image\":{\"@id\":\"https:\\\/\\\/www.laudinella.ch\\\/en\\\/#\\\/schema\\\/logo\\\/image\\\/\"}}]}<\/script>\n<!-- \/ Yoast SEO plugin. -->","yoast_head_json":{"title":"General Terms and Conditions - Laudinella Group St. Moritz","robots":{"index":"index","follow":"follow","max-snippet":"max-snippet:-1","max-image-preview":"max-image-preview:large","max-video-preview":"max-video-preview:-1"},"canonical":"https:\/\/www.laudinella.ch\/en\/conditions\/","og_locale":"en_GB","og_type":"article","og_title":"Allgemeine Gesch\u00e4ftbedingungen - Laudinella Group St. Moritz","og_description":"Allgemeine Gesch\u00e4ftsbedingungen 1. Allgemeine Bestimmungen 1.1. Geltungsbereich Die vorliegenden Allgemeinen Gesch\u00e4ftsbedingungen (in Folge \u201eAGB\u201c genannt) gelten f\u00fcr die \u00dcberlassung von Zimmern und\/oder Seminar- und Bankettr\u00e4umlichkeiten sowie f\u00fcr alle damit verbundenen weiteren Leistungen und Lieferungen der Laudinella AG (in Folge Hotel genannt) an Kunden. S\u00e4mtliche Offerten des Hotels basieren auf den folgenden [...]","og_url":"https:\/\/www.laudinella.ch\/en\/conditions\/","og_site_name":"Laudinella Group St. Moritz","article_modified_time":"2025-12-11T14:27:25+00:00","twitter_card":"summary_large_image","schema":{"@context":"https:\/\/schema.org","@graph":[{"@type":"WebPage","@id":"https:\/\/www.laudinella.ch\/agb\/","url":"https:\/\/www.laudinella.ch\/agb\/","name":"General Terms and Conditions - Laudinella Group St. Moritz","isPartOf":{"@id":"https:\/\/www.laudinella.ch\/en\/#website"},"datePublished":"2018-09-01T09:44:48+00:00","dateModified":"2025-12-11T14:27:25+00:00","breadcrumb":{"@id":"https:\/\/www.laudinella.ch\/agb\/#breadcrumb"},"inLanguage":"en-GB","potentialAction":[{"@type":"ReadAction","target":["https:\/\/www.laudinella.ch\/agb\/"]}]},{"@type":"BreadcrumbList","@id":"https:\/\/www.laudinella.ch\/agb\/#breadcrumb","itemListElement":[{"@type":"ListItem","position":1,"name":"Startseite","item":"https:\/\/www.laudinella.ch\/"},{"@type":"ListItem","position":2,"name":"Allgemeine Gesch\u00e4ftbedingungen"}]},{"@type":"WebSite","@id":"https:\/\/www.laudinella.ch\/en\/#website","url":"https:\/\/www.laudinella.ch\/en\/","name":"Laudinella St. Moritz","description":"Experience sport, culture, cuisine, congresses, courses and nature.","publisher":{"@id":"https:\/\/www.laudinella.ch\/en\/#organization"},"potentialAction":[{"@type":"SearchAction","target":{"@type":"EntryPoint","urlTemplate":"https:\/\/www.laudinella.ch\/en\/?s={search_term_string}"},"query-input":{"@type":"PropertyValueSpecification","valueRequired":true,"valueName":"search_term_string"}}],"inLanguage":"en-GB"},{"@type":"Organization","@id":"https:\/\/www.laudinella.ch\/en\/#organization","name":"Laudinella St. Moritz","url":"https:\/\/www.laudinella.ch\/en\/","logo":{"@type":"ImageObject","inLanguage":"en-GB","@id":"https:\/\/www.laudinella.ch\/en\/#\/schema\/logo\/image\/","url":"https:\/\/www.laudinella.ch\/wp-content\/uploads\/2021\/10\/laudinella_hotel-group_fav-icon.png","contentUrl":"https:\/\/www.laudinella.ch\/wp-content\/uploads\/2021\/10\/laudinella_hotel-group_fav-icon.png","width":512,"height":512,"caption":"Laudinella St. Moritz"},"image":{"@id":"https:\/\/www.laudinella.ch\/en\/#\/schema\/logo\/image\/"}}]}},"_links":{"self":[{"href":"https:\/\/www.laudinella.ch\/en\/wp-json\/wp\/v2\/pages\/119","targetHints":{"allow":["GET"]}}],"collection":[{"href":"https:\/\/www.laudinella.ch\/en\/wp-json\/wp\/v2\/pages"}],"about":[{"href":"https:\/\/www.laudinella.ch\/en\/wp-json\/wp\/v2\/types\/page"}],"author":[{"embeddable":true,"href":"https:\/\/www.laudinella.ch\/en\/wp-json\/wp\/v2\/users\/22"}],"replies":[{"embeddable":true,"href":"https:\/\/www.laudinella.ch\/en\/wp-json\/wp\/v2\/comments?post=119"}],"version-history":[{"count":0,"href":"https:\/\/www.laudinella.ch\/en\/wp-json\/wp\/v2\/pages\/119\/revisions"}],"wp:attachment":[{"href":"https:\/\/www.laudinella.ch\/en\/wp-json\/wp\/v2\/media?parent=119"}],"wp:term":[{"taxonomy":"category","embeddable":true,"href":"https:\/\/www.laudinella.ch\/en\/wp-json\/wp\/v2\/categories?post=119"},{"taxonomy":"post_tag","embeddable":true,"href":"https:\/\/www.laudinella.ch\/en\/wp-json\/wp\/v2\/tags?post=119"}],"curies":[{"name":"wp","href":"https:\/\/api.w.org\/{rel}","templated":true}]}}